{"id":139,"date":"2023-06-14T21:46:23","date_gmt":"2023-06-14T21:46:23","guid":{"rendered":"https:\/\/fjallanam.is\/?page_id=139"},"modified":"2026-04-14T10:25:13","modified_gmt":"2026-04-14T10:25:13","slug":"dagatal-framhaldsnam","status":"publish","type":"page","link":"https:\/\/fjallanam.is\/?page_id=139","title":{"rendered":"Dagatal N\u00e1m \u00ed Fjallg\u00f6ngulei\u00f0s\u00f6gn"},"content":{"rendered":"\t\t<div data-elementor-type=\"wp-page\" data-elementor-id=\"139\" class=\"elementor elementor-139\" data-elementor-post-type=\"page\">\n\t\t\t\t\t\t<section class=\"elementor-section elementor-top-section elementor-element elementor-element-d1ee22c elementor-section-boxed elementor-section-height-default elementor-section-height-default\" data-id=\"d1ee22c\" data-element_type=\"section\">\n\t\t\t\t\t\t<div class=\"elementor-container elementor-column-gap-default\">\n\t\t\t\t\t<div class=\"elementor-column elementor-col-100 elementor-top-column elementor-element elementor-element-5b0d7d4\" data-id=\"5b0d7d4\" data-element_type=\"column\">\n\t\t\t<div class=\"elementor-widget-wrap elementor-element-populated\">\n\t\t\t\t\t\t<div class=\"elementor-element elementor-element-00aa593 elementor-widget elementor-widget-heading\" data-id=\"00aa593\" data-element_type=\"widget\" data-widget_type=\"heading.default\">\n\t\t\t\t<div class=\"elementor-widget-container\">\n\t\t\t\t\t<h2 class=\"elementor-heading-title elementor-size-default\">Dagatal 2026-2027<\/h2>\t\t\t\t<\/div>\n\t\t\t\t<\/div>\n\t\t\t\t<div class=\"elementor-element elementor-element-44abc2c elementor-widget elementor-widget-image\" data-id=\"44abc2c\" data-element_type=\"widget\" data-widget_type=\"image.default\">\n\t\t\t\t<div class=\"elementor-widget-container\">\n\t\t\t\t\t\t\t\t\t\t\t\t\t\t\t\t<a href=\"https:\/\/fjallanam.is\/wp-content\/uploads\/2026\/04\/Framhaldsnam.png\" data-elementor-open-lightbox=\"yes\" data-elementor-lightbox-title=\"Framhaldsna\u0301m\" data-e-action-hash=\"#elementor-action%3Aaction%3Dlightbox%26settings%3DeyJpZCI6MzIzNCwidXJsIjoiaHR0cHM6XC9cL2ZqYWxsYW5hbS5pc1wvd3AtY29udGVudFwvdXBsb2Fkc1wvMjAyNlwvMDRcL0ZyYW1oYWxkc25hbS5wbmcifQ%3D%3D\">\n\t\t\t\t\t\t\t<img fetchpriority=\"high\" decoding=\"async\" width=\"1024\" height=\"576\" src=\"https:\/\/fjallanam.is\/wp-content\/uploads\/2026\/04\/Framhaldsnam-1024x576.png\" class=\"attachment-large size-large wp-image-3234\" alt=\"\" srcset=\"https:\/\/fjallanam.is\/wp-content\/uploads\/2026\/04\/Framhaldsnam-1024x576.png 1024w, https:\/\/fjallanam.is\/wp-content\/uploads\/2026\/04\/Framhaldsnam-300x169.png 300w, https:\/\/fjallanam.is\/wp-content\/uploads\/2026\/04\/Framhaldsnam-768x432.png 768w, https:\/\/fjallanam.is\/wp-content\/uploads\/2026\/04\/Framhaldsnam-1536x864.png 1536w, https:\/\/fjallanam.is\/wp-content\/uploads\/2026\/04\/Framhaldsnam-800x450.png 800w, https:\/\/fjallanam.is\/wp-content\/uploads\/2026\/04\/Framhaldsnam.png 1920w\" sizes=\"(max-width: 1024px) 100vw, 1024px\" \/>\t\t\t\t\t\t\t\t<\/a>\n\t\t\t\t\t\t\t\t\t\t\t\t\t\t\t<\/div>\n\t\t\t\t<\/div>\n\t\t\t\t\t<\/div>\n\t\t<\/div>\n\t\t\t\t\t<\/div>\n\t\t<\/section>\n\t\t\t\t<section class=\"elementor-section elementor-top-section elementor-element elementor-element-e518924 elementor-section-boxed elementor-section-height-default elementor-section-height-default\" data-id=\"e518924\" data-element_type=\"section\">\n\t\t\t\t\t\t<div class=\"elementor-container elementor-column-gap-default\">\n\t\t\t\t\t<div class=\"elementor-column elementor-col-100 elementor-top-column elementor-element elementor-element-3b670d2\" data-id=\"3b670d2\" data-element_type=\"column\">\n\t\t\t<div class=\"elementor-widget-wrap elementor-element-populated\">\n\t\t\t\t\t\t<div class=\"elementor-element elementor-element-bf38bf5 elementor-widget elementor-widget-heading\" data-id=\"bf38bf5\" data-element_type=\"widget\" data-widget_type=\"heading.default\">\n\t\t\t\t<div class=\"elementor-widget-container\">\n\t\t\t\t\t<h2 class=\"elementor-heading-title elementor-size-default\">Dagatal sk\u00f3lans (1. og 2. \u00e1r)<\/h2>\t\t\t\t<\/div>\n\t\t\t\t<\/div>\n\t\t\t\t<div class=\"elementor-element elementor-element-1c392dd elementor-widget elementor-widget-html\" data-id=\"1c392dd\" data-element_type=\"widget\" data-widget_type=\"html.default\">\n\t\t\t\t<div class=\"elementor-widget-container\">\n\t\t\t\t\t<iframe src=\"https:\/\/calendar.google.com\/calendar\/embed?src=a927d049c1c9d0216578c052aab1f1dbab75da2965e8da699225a70caf111b6d%40group.calendar.google.com&ctz=Atlantic%2FReykjavik\" style=\"border: 0\" width=\"800\" height=\"600\" frameborder=\"0\" scrolling=\"no\"><\/iframe>\t\t\t\t<\/div>\n\t\t\t\t<\/div>\n\t\t\t\t\t<\/div>\n\t\t<\/div>\n\t\t\t\t\t<\/div>\n\t\t<\/section>\n\t\t\t\t<\/div>\n\t\t","protected":false},"excerpt":{"rendered":"<p>Dagatal 2026-2027 Dagatal sk\u00f3lans (1. og 2. \u00e1r)<\/p>\n","protected":false},"author":2,"featured_media":0,"parent":0,"menu_order":0,"comment_status":"closed","ping_status":"closed","template":"","meta":{"footnotes":""},"class_list":["post-139","page","type-page","status-publish","hentry","entry"],"_links":{"self":[{"href":"https:\/\/fjallanam.is\/index.php?rest_route=\/wp\/v2\/pages\/139","targetHints":{"allow":["GET"]}}],"collection":[{"href":"https:\/\/fjallanam.is\/index.php?rest_route=\/wp\/v2\/pages"}],"about":[{"href":"https:\/\/fjallanam.is\/index.php?rest_route=\/wp\/v2\/types\/page"}],"author":[{"embeddable":true,"href":"https:\/\/fjallanam.is\/index.php?rest_route=\/wp\/v2\/users\/2"}],"replies":[{"embeddable":true,"href":"https:\/\/fjallanam.is\/index.php?rest_route=%2Fwp%2Fv2%2Fcomments&post=139"}],"version-history":[{"count":35,"href":"https:\/\/fjallanam.is\/index.php?rest_route=\/wp\/v2\/pages\/139\/revisions"}],"predecessor-version":[{"id":3247,"href":"https:\/\/fjallanam.is\/index.php?rest_route=\/wp\/v2\/pages\/139\/revisions\/3247"}],"wp:attachment":[{"href":"https:\/\/fjallanam.is\/index.php?rest_route=%2Fwp%2Fv2%2Fmedia&parent=139"}],"curies":[{"name":"wp","href":"https:\/\/api.w.org\/{rel}","templated":true}]}}