{"id":1467,"date":"2025-10-01T15:06:46","date_gmt":"2025-10-01T15:06:46","guid":{"rendered":"https:\/\/fjallanam.is\/?page_id=1467"},"modified":"2026-02-11T10:01:11","modified_gmt":"2026-02-11T10:01:11","slug":"um-skolann","status":"publish","type":"page","link":"https:\/\/fjallanam.is\/?page_id=1467","title":{"rendered":"Um Sk\u00f3lann"},"content":{"rendered":"\t\t<div data-elementor-type=\"wp-page\" data-elementor-id=\"1467\" class=\"elementor elementor-1467\" data-elementor-post-type=\"page\">\n\t\t\t\t\t\t<section class=\"elementor-section elementor-top-section elementor-element elementor-element-ffe4314 elementor-section-boxed elementor-section-height-default elementor-section-height-default\" data-id=\"ffe4314\" data-element_type=\"section\">\n\t\t\t\t\t\t<div class=\"elementor-container elementor-column-gap-default\">\n\t\t\t\t\t<div class=\"elementor-column elementor-col-100 elementor-top-column elementor-element elementor-element-4d88520\" data-id=\"4d88520\" data-element_type=\"column\">\n\t\t\t<div class=\"elementor-widget-wrap elementor-element-populated\">\n\t\t\t\t\t\t<div class=\"elementor-element elementor-element-f0167de elementor-widget elementor-widget-spacer\" data-id=\"f0167de\" data-element_type=\"widget\" data-widget_type=\"spacer.default\">\n\t\t\t\t<div class=\"elementor-widget-container\">\n\t\t\t\t\t\t\t<div class=\"elementor-spacer\">\n\t\t\t<div class=\"elementor-spacer-inner\"><\/div>\n\t\t<\/div>\n\t\t\t\t\t\t<\/div>\n\t\t\t\t<\/div>\n\t\t\t\t<div class=\"elementor-element elementor-element-324421a7 elementor-widget elementor-widget-text-editor\" data-id=\"324421a7\" data-element_type=\"widget\" data-widget_type=\"text-editor.default\">\n\t\t\t\t<div class=\"elementor-widget-container\">\n\t\t\t\t\t\t\t\t\t<p>Fjallask\u00f3li \u00cdslands var stofna\u00f0ur vori\u00f0 2025. Hann \u00e1 a\u00f0setur a\u00f0 Hofgar\u00f0i \u00e1 Hofi \u00ed \u00d6r\u00e6fum.<\/p>\n<div data-olk-copy-source=\"MessageBody\">Fjallask\u00f3li \u00cdslands er \u00f3hagna\u00f0ardrifin sj\u00e1lfseignastofnun. Sk\u00f3linn b\u00fd\u00f0ur upp\u00e1 tv\u00e6r n\u00e1msbrautir \u00e1 4. h\u00e6fni\u00ferepi framhaldssk\u00f3la og f\u00e6r til \u00feess stu\u00f0ning fr\u00e1 Mennta- og barnam\u00e1lar\u00e1\u00f0uneytinu. Brautirnar nefnast <b>Lei\u00f0s\u00f6guma\u00f0ur me\u00f0 \u00e1herslu \u00e1 j\u00f6klalei\u00f0s\u00f6gn<\/b> og <b>Lei\u00f0s\u00f6guma\u00f0ur me\u00f0 \u00e1herslu \u00e1 fjallg\u00f6ngulei\u00f0s\u00f6gn<\/b>. Brautirnar mi\u00f0a a\u00f0 \u00fev\u00ed a\u00f0 mennta ver\u00f0andi j\u00f6kla-, fjallg\u00f6ngu- og \u00e6vint\u00fdralei\u00f0s\u00f6gumenn.<\/div>\n<div>&nbsp;<\/div>\n<div>Sk\u00f3linn b\u00fd\u00f0ur einnig upp\u00e1 st\u00f6k n\u00e1mskei\u00f0 tengd fjallamennsku \u00e6tlu\u00f0 lei\u00f0s\u00f6gum\u00f6nnum og almenningi.<\/div>\n<p><\/p>\n<p><!-- \/wp:paragraph --><!-- wp:pdfemb\/pdf-embedder-viewer {\"pdfID\":1480,\"url\":\"https:\/\/fjallanam.is\/wp-content\/uploads\/2025\/10\/Styrktarsamningur-Fjallaskoli-Islands.pdf\"} \/--><\/p>\t\t\t\t\t\t\t\t<\/div>\n\t\t\t\t<\/div>\n\t\t\t\t\t<\/div>\n\t\t<\/div>\n\t\t\t\t\t<\/div>\n\t\t<\/section>\n\t\t\t\t<\/div>\n\t\t","protected":false},"excerpt":{"rendered":"<p>Fjallask\u00f3li \u00cdslands var stofna\u00f0ur vori\u00f0 2025. Hann \u00e1 a\u00f0setur a\u00f0 Hofgar\u00f0i \u00e1 Hofi \u00ed \u00d6r\u00e6fum. Fjallask\u00f3li \u00cdslands er \u00f3hagna\u00f0ardrifin sj\u00e1lfseignastofnun. Sk\u00f3linn b\u00fd\u00f0ur upp\u00e1 tv\u00e6r n\u00e1msbrautir \u00e1 4. h\u00e6fni\u00ferepi framhaldssk\u00f3la og [&hellip;]<\/p>\n","protected":false},"author":3,"featured_media":0,"parent":0,"menu_order":0,"comment_status":"closed","ping_status":"closed","template":"","meta":{"footnotes":""},"class_list":["post-1467","page","type-page","status-publish","hentry","entry"],"_links":{"self":[{"href":"https:\/\/fjallanam.is\/index.php?rest_route=\/wp\/v2\/pages\/1467","targetHints":{"allow":["GET"]}}],"collection":[{"href":"https:\/\/fjallanam.is\/index.php?rest_route=\/wp\/v2\/pages"}],"about":[{"href":"https:\/\/fjallanam.is\/index.php?rest_route=\/wp\/v2\/types\/page"}],"author":[{"embeddable":true,"href":"https:\/\/fjallanam.is\/index.php?rest_route=\/wp\/v2\/users\/3"}],"replies":[{"embeddable":true,"href":"https:\/\/fjallanam.is\/index.php?rest_route=%2Fwp%2Fv2%2Fcomments&post=1467"}],"version-history":[{"count":18,"href":"https:\/\/fjallanam.is\/index.php?rest_route=\/wp\/v2\/pages\/1467\/revisions"}],"predecessor-version":[{"id":2494,"href":"https:\/\/fjallanam.is\/index.php?rest_route=\/wp\/v2\/pages\/1467\/revisions\/2494"}],"wp:attachment":[{"href":"https:\/\/fjallanam.is\/index.php?rest_route=%2Fwp%2Fv2%2Fmedia&parent=1467"}],"curies":[{"name":"wp","href":"https:\/\/api.w.org\/{rel}","templated":true}]}}