{"id":1794,"date":"2025-12-05T15:54:57","date_gmt":"2025-12-05T15:54:57","guid":{"rendered":"https:\/\/fjallanam.is\/?page_id=1794"},"modified":"2026-02-11T09:35:57","modified_gmt":"2026-02-11T09:35:57","slug":"snjoflodanamskeid","status":"publish","type":"page","link":"https:\/\/fjallanam.is\/?page_id=1794","title":{"rendered":"Snj\u00f3fl\u00f3\u00f0an\u00e1mskei\u00f0"},"content":{"rendered":"\t\t<div data-elementor-type=\"wp-page\" data-elementor-id=\"1794\" class=\"elementor elementor-1794\" data-elementor-post-type=\"page\">\n\t\t\t\t\t\t<section class=\"elementor-section elementor-top-section elementor-element elementor-element-a62bf7b elementor-section-boxed elementor-section-height-default elementor-section-height-default\" data-id=\"a62bf7b\" data-element_type=\"section\">\n\t\t\t\t\t\t<div class=\"elementor-container elementor-column-gap-default\">\n\t\t\t\t\t<div class=\"elementor-column elementor-col-100 elementor-top-column elementor-element elementor-element-6c119e3\" data-id=\"6c119e3\" data-element_type=\"column\">\n\t\t\t<div class=\"elementor-widget-wrap elementor-element-populated\">\n\t\t\t\t\t\t<div class=\"elementor-element elementor-element-2464a93 elementor-widget elementor-widget-spacer\" data-id=\"2464a93\" data-element_type=\"widget\" data-widget_type=\"spacer.default\">\n\t\t\t\t<div class=\"elementor-widget-container\">\n\t\t\t\t\t\t\t<div class=\"elementor-spacer\">\n\t\t\t<div class=\"elementor-spacer-inner\"><\/div>\n\t\t<\/div>\n\t\t\t\t\t\t<\/div>\n\t\t\t\t<\/div>\n\t\t\t\t\t<\/div>\n\t\t<\/div>\n\t\t\t\t\t<\/div>\n\t\t<\/section>\n\t\t\t\t<section class=\"elementor-section elementor-top-section elementor-element elementor-element-de79e32 elementor-section-height-min-height elementor-section-items-top elementor-section-stretched elementor-section-boxed elementor-section-height-default\" data-id=\"de79e32\" data-element_type=\"section\" data-settings=\"{&quot;stretch_section&quot;:&quot;section-stretched&quot;,&quot;background_background&quot;:&quot;classic&quot;}\">\n\t\t\t\t\t\t<div class=\"elementor-container elementor-column-gap-default\">\n\t\t\t\t\t<div class=\"elementor-column elementor-col-100 elementor-top-column elementor-element elementor-element-9141f68\" data-id=\"9141f68\" data-element_type=\"column\">\n\t\t\t<div class=\"elementor-widget-wrap elementor-element-populated\">\n\t\t\t\t\t\t<div class=\"elementor-element elementor-element-82ed929 elementor-widget elementor-widget-spacer\" data-id=\"82ed929\" data-element_type=\"widget\" data-widget_type=\"spacer.default\">\n\t\t\t\t<div class=\"elementor-widget-container\">\n\t\t\t\t\t\t\t<div class=\"elementor-spacer\">\n\t\t\t<div class=\"elementor-spacer-inner\"><\/div>\n\t\t<\/div>\n\t\t\t\t\t\t<\/div>\n\t\t\t\t<\/div>\n\t\t\t\t<div class=\"elementor-element elementor-element-703c8d9 elementor-widget elementor-widget-heading\" data-id=\"703c8d9\" data-element_type=\"widget\" data-widget_type=\"heading.default\">\n\t\t\t\t<div class=\"elementor-widget-container\">\n\t\t\t\t\t<h2 class=\"elementor-heading-title elementor-size-default\">Snj\u00f3fl\u00f3\u00f0an\u00e1mskei\u00f0 \u00e1 Fjallask\u00ed\u00f0um 2026<\/h2>\t\t\t\t<\/div>\n\t\t\t\t<\/div>\n\t\t\t\t<div class=\"elementor-element elementor-element-804a584 elementor-widget elementor-widget-spacer\" data-id=\"804a584\" data-element_type=\"widget\" data-widget_type=\"spacer.default\">\n\t\t\t\t<div class=\"elementor-widget-container\">\n\t\t\t\t\t\t\t<div class=\"elementor-spacer\">\n\t\t\t<div class=\"elementor-spacer-inner\"><\/div>\n\t\t<\/div>\n\t\t\t\t\t\t<\/div>\n\t\t\t\t<\/div>\n\t\t\t\t<div class=\"elementor-element elementor-element-da35832 elementor-widget elementor-widget-heading\" data-id=\"da35832\" data-element_type=\"widget\" data-widget_type=\"heading.default\">\n\t\t\t\t<div class=\"elementor-widget-container\">\n\t\t\t\t\t<h2 class=\"elementor-heading-title elementor-size-default\">20.-22. febr\u00faar \/\/ 13.-15. mars<br><span style=\"font-family: REM, sans-serif;font-size: 36px;font-style: normal;font-weight: 600;text-align: start\">75.000 kr.<\/span><\/h2>\t\t\t\t<\/div>\n\t\t\t\t<\/div>\n\t\t\t\t\t<\/div>\n\t\t<\/div>\n\t\t\t\t\t<\/div>\n\t\t<\/section>\n\t\t\t\t<section class=\"elementor-section elementor-top-section elementor-element elementor-element-852c089 elementor-section-boxed elementor-section-height-default elementor-section-height-default\" data-id=\"852c089\" data-element_type=\"section\">\n\t\t\t\t\t\t<div class=\"elementor-container elementor-column-gap-default\">\n\t\t\t\t\t<div class=\"elementor-column elementor-col-100 elementor-top-column elementor-element elementor-element-2edeade\" data-id=\"2edeade\" data-element_type=\"column\">\n\t\t\t<div class=\"elementor-widget-wrap elementor-element-populated\">\n\t\t\t\t\t\t<div class=\"elementor-element elementor-element-7f78b5a elementor-widget elementor-widget-text-editor\" data-id=\"7f78b5a\" data-element_type=\"widget\" data-widget_type=\"text-editor.default\">\n\t\t\t\t<div class=\"elementor-widget-container\">\n\t\t\t\t\t\t\t\t\t<div class=\"flex max-w-full flex-col\"><div class=\"flex w-full flex-col gap-1 empty:hidden first:pt-[1px]\"><div class=\"markdown prose dark:prose-invert w-full break-words light markdown-new-styling\"><p><strong data-start=\"0\" data-end=\"122\" data-is-last-node=\"\" data-is-only-node=\"\">\u00deetta \u00feriggja daga n\u00e1mskei\u00f0 er \u00f3missandi fyrir alla sem vilja b\u00e6ta \u00e1kvar\u00f0anat\u00f6ku \u00e1 fjallask\u00ed\u00f0um og \u00ed snj\u00f3fl\u00f3\u00f0alandslagi. <\/strong><span data-start=\"0\" data-end=\"122\" data-is-last-node=\"\" data-is-only-node=\"\">\u00de\u00e1tttakendur<\/span> \u00f6\u00f0last grunnskilning \u00e1 snj\u00f3fl\u00f3\u00f0avandam\u00e1lum, lei\u00f0arvali og \u00e1h\u00e6ttumati til fjalla. Fari\u00f0 er \u00ed notkun snj\u00f3fl\u00f3\u00f0a- og ve\u00f0ursp\u00e1r og tengt vi\u00f0 landslag, lei\u00f0arvali og fer\u00f0aheg\u00f0un. \u00c1 n\u00e1mskei\u00f0inu fer fram kynning \u00e1 algengum st\u00f6\u00f0ugleikapr\u00f3fum og umr\u00e6\u00f0a um kosti \u00feeirra og takmarkanir. Fari\u00f0 er \u00ed notkun snj\u00f3fl\u00f3\u00f0ab\u00fana\u00f0ar og f\u00e9lagabj\u00f6rgun \u00e6f\u00f0.<\/p><\/div><\/div><\/div><p><span style=\"font-size: 16px;\">\u00c1 n\u00e1mskei\u00f0inu ver\u00f0ur me\u00f0al annars fari\u00f0 yfir:\u00a0<\/span><\/p><ul><li><span style=\"font-size: 16px;\">\u00c1hrif landslags- og ve\u00f0urs \u00e1 snj\u00f3fl\u00f3\u00f0ah\u00e6ttu<\/span><\/li><li><span style=\"font-size: 16px;\">Notkun snj\u00f3fl\u00f3\u00f0asp\u00e1r og h\u00e6ttustiga<\/span><\/li><li><span style=\"font-size: 16px;\">F\u00e9lagabj\u00f6rgun \u00far snj\u00f3fl\u00f3\u00f0i<\/span><\/li><li><span style=\"font-size: 16px;\">Algeng st\u00f6\u00f0ugleikapr\u00f3f<\/span><\/li><li><span style=\"font-size: 16px;\">Almenna fjallask\u00ed\u00f0at\u00e6kni<\/span><\/li><li><span style=\"font-size: 16px;\">Lei\u00f0arval og landslagslestur<\/span><\/li><\/ul><p>Lei\u00f0beinendur \u00e1 n\u00e1mskei\u00f0inu eru reynslumiklir kennarar og fjallask\u00ed\u00f0alei\u00f0s\u00f6gumenn sem starfa innan Fjallask\u00f3la \u00cdslands og hafa kennt n\u00e1mskei\u00f0 af \u00feessu tagi um \u00e1rabil innan sem utan sk\u00f3lans en einnig sem sk\u00ed\u00f0alei\u00f0s\u00f6gumenn v\u00ed\u00f0a.<\/p>\t\t\t\t\t\t\t\t<\/div>\n\t\t\t\t<\/div>\n\t\t\t\t\t<\/div>\n\t\t<\/div>\n\t\t\t\t\t<\/div>\n\t\t<\/section>\n\t\t\t\t<section class=\"elementor-section elementor-top-section elementor-element elementor-element-619095a elementor-section-boxed elementor-section-height-default elementor-section-height-default\" data-id=\"619095a\" data-element_type=\"section\">\n\t\t\t\t\t\t<div class=\"elementor-container elementor-column-gap-default\">\n\t\t\t\t\t<div class=\"elementor-column elementor-col-100 elementor-top-column elementor-element elementor-element-74d9b05\" data-id=\"74d9b05\" data-element_type=\"column\">\n\t\t\t<div class=\"elementor-widget-wrap elementor-element-populated\">\n\t\t\t\t\t\t<div class=\"elementor-element elementor-element-7d2791a elementor-widget elementor-widget-toggle\" data-id=\"7d2791a\" data-element_type=\"widget\" data-widget_type=\"toggle.default\">\n\t\t\t\t<div class=\"elementor-widget-container\">\n\t\t\t\t\t\t\t<div class=\"elementor-toggle\">\n\t\t\t\t\t\t\t<div class=\"elementor-toggle-item\">\n\t\t\t\t\t<div id=\"elementor-tab-title-1311\" class=\"elementor-tab-title\" data-tab=\"1\" role=\"button\" aria-controls=\"elementor-tab-content-1311\" aria-expanded=\"false\">\n\t\t\t\t\t\t\t\t\t\t\t\t<span class=\"elementor-toggle-icon elementor-toggle-icon-left\" aria-hidden=\"true\">\n\t\t\t\t\t\t\t\t\t\t\t\t\t\t\t<span class=\"elementor-toggle-icon-closed\"><i class=\"fas fa-caret-right\"><\/i><\/span>\n\t\t\t\t\t\t\t\t<span class=\"elementor-toggle-icon-opened\"><i class=\"elementor-toggle-icon-opened fas fa-caret-up\"><\/i><\/span>\n\t\t\t\t\t\t\t\t\t\t\t\t\t<\/span>\n\t\t\t\t\t\t\t\t\t\t\t\t<a class=\"elementor-toggle-title\" tabindex=\"0\">Dagskr\u00e1<\/a>\n\t\t\t\t\t<\/div>\n\n\t\t\t\t\t<div id=\"elementor-tab-content-1311\" class=\"elementor-tab-content elementor-clearfix\" data-tab=\"1\" role=\"region\" aria-labelledby=\"elementor-tab-title-1311\"><p style=\"font-variant-ligatures: normal; font-variant-caps: normal; font-family: REM, sans-serif; font-size: 16px; font-style: normal; font-weight: 300;\">Birt me\u00f0 fyrirvara um breytingar. Dagskr\u00e1 n\u00e1mskei\u00f0sins tekur alltaf mi\u00f0 af ve\u00f0ri og snj\u00f3a\u00f0st\u00e6\u00f0um hverju sinni en markmi\u00f0i\u00f0 er alltaf a\u00f0 n\u00fdta a\u00f0st\u00e6\u00f0ur til fulls, l\u00e6ra eins og m\u00f6gulegt er af a\u00f0st\u00e6\u00f0um og sk\u00ed\u00f0a g\u00f3\u00f0an snj\u00f3 \u00feegar \u00fea\u00f0 er h\u00e6gt!<\/p><p style=\"font-variant-ligatures: normal; font-variant-caps: normal; font-family: REM, sans-serif; font-size: 16px; font-style: normal; font-weight: 300;\">Sta\u00f0setning:\u00a0<span style=\"font-size: 16px; font-weight: bold;\">Dalv\u00edk\/Tr\u00f6llaskagi (n\u00e1nari sta\u00f0setningar ver\u00f0a augl\u00fdstar s\u00ed\u00f0ar)<\/span><\/p><h3 style=\"font-variant-ligatures: normal; font-variant-caps: normal; line-height: 26.4px; font-family: REM, sans-serif; font-size: 22px; font-style: normal; font-weight: 600; text-transform: capitalize; text-decoration: none; letter-spacing: normal;\"><span style=\"font-size: 16px; font-weight: normal; color: #324a6d; text-transform: none;\">Dagur 1:\u00a0<\/span><span style=\"font-size: 16px; font-weight: bold; color: #324a6d; text-transform: none;\">N\u00e1mskei\u00f0 hefst \u00e1 Dalv\u00edk. Byrja\u00f0 er inni \u00e1 stuttum fyrirlestri og yfirfer\u00f0 \u00e1 snj\u00f3fl\u00f3\u00f0aa\u00f0st\u00e6\u00f0um, snj\u00f3fl\u00f3\u00f0a- og ve\u00f0ursp\u00e1. Stutt fjallask\u00ed\u00f0afer\u00f0 \u00e1 sv\u00e6\u00f0inu og a\u00f0st\u00e6\u00f0ur kanna\u00f0ar fyrir n\u00e6stu daga. Stutt \u00e6fing \u00ed f\u00e9lagabj\u00f6rgun.<\/span><\/h3><h3 style=\"font-variant-ligatures: normal; font-variant-caps: normal; line-height: 26.4px; font-family: REM, sans-serif; font-size: 22px; font-style: normal; font-weight: 600; text-transform: capitalize; text-decoration: none; letter-spacing: normal;\"><span style=\"font-size: 16px; color: #324a6d; text-transform: none;\"><span style=\"font-size: 16px; font-weight: normal;\">Dagur 2:\u00a0<\/span>\u00c1 degi tv\u00f6 ver\u00f0ur fari\u00f0 \u00ed lengri fjallask\u00ed\u00f0afer\u00f0 \u00fear sem fari\u00f0 ver\u00f0ur yfir landslagslestur, lei\u00f0arval og snj\u00f3athuganir \u00e1 vettvangi.\u00a0<\/span><\/h3><div style=\"font-variant-ligatures: normal; font-variant-caps: normal; font-family: REM, sans-serif; font-size: 16px; font-style: normal; font-weight: 300;\">Dagur 3:\u00a0<span style=\"font-size: 16px; font-weight: bold;\">Fari\u00f0\u00a0<span style=\"font-size: 16px;\">ver\u00f0ur \u00ed lengri fjallask\u00ed\u00f0afer\u00f0. Landslagslestur, lei\u00f0arval og snj\u00f3athuganir.\u00a0<\/span><\/span><\/div><\/div>\n\t\t\t\t<\/div>\n\t\t\t\t\t\t\t<div class=\"elementor-toggle-item\">\n\t\t\t\t\t<div id=\"elementor-tab-title-1312\" class=\"elementor-tab-title\" data-tab=\"2\" role=\"button\" aria-controls=\"elementor-tab-content-1312\" aria-expanded=\"false\">\n\t\t\t\t\t\t\t\t\t\t\t\t<span class=\"elementor-toggle-icon elementor-toggle-icon-left\" aria-hidden=\"true\">\n\t\t\t\t\t\t\t\t\t\t\t\t\t\t\t<span class=\"elementor-toggle-icon-closed\"><i class=\"fas fa-caret-right\"><\/i><\/span>\n\t\t\t\t\t\t\t\t<span class=\"elementor-toggle-icon-opened\"><i class=\"elementor-toggle-icon-opened fas fa-caret-up\"><\/i><\/span>\n\t\t\t\t\t\t\t\t\t\t\t\t\t<\/span>\n\t\t\t\t\t\t\t\t\t\t\t\t<a class=\"elementor-toggle-title\" tabindex=\"0\">Skilyr\u00f0i<\/a>\n\t\t\t\t\t<\/div>\n\n\t\t\t\t\t<div id=\"elementor-tab-content-1312\" class=\"elementor-tab-content elementor-clearfix\" data-tab=\"2\" role=\"region\" aria-labelledby=\"elementor-tab-title-1312\"><p style=\"font-variant-ligatures: normal; font-variant-caps: normal; font-family: REM, sans-serif; font-size: 16px; font-style: normal; font-weight: 300;\"><span style=\"font-variant-ligatures: normal; font-variant-caps: normal; font-family: REM, sans-serif; font-size: 16px; font-style: normal;\"><span style=\"font-size: 16px; font-weight: bold;\">Reynsla \u00e1 fjallask\u00ed\u00f0um er ekki nau\u00f0synleg.<\/span><\/span><\/p><p style=\"font-variant-ligatures: normal; font-variant-caps: normal; font-family: REM, sans-serif; font-size: 16px; font-style: normal; font-weight: 300;\"><span style=\"font-variant-ligatures: normal; font-variant-caps: normal; font-family: REM, sans-serif; font-size: 16px; font-style: normal;\"><span style=\"font-size: 16px; font-weight: bold;\">Sk\u00ed\u00f0a-\/brettakunn\u00e1tta:<\/span><\/span><span style=\"font-variant-ligatures: normal; font-variant-caps: normal; font-family: REM, sans-serif; font-size: 16px; font-style: normal; font-weight: 300;\">\u00a0\u00de\u00e1tttakendur \u00e1 n\u00e1mskei\u00f0inu skulu b\u00faa yfir g\u00f3\u00f0ri sk\u00ed\u00f0a- e\u00f0a brettakunn\u00e1ttu \u00fear sem n\u00e1mskei\u00f0i\u00f0 sn\u00fdst ekki um sk\u00ed\u00f0at\u00e6kni og gera m\u00e1 r\u00e1\u00f0 fyrir a\u00f0 fer\u00f0ast ver\u00f0i \u00ed breytilegum snj\u00f3. Gott er a\u00f0 mi\u00f0a vi\u00f0 a\u00f0 geta sk\u00ed\u00f0a\u00f0 allar brekkur innan brauta vel og \u00f6rugglega.<\/span><\/p><div style=\"font-variant-ligatures: normal; font-variant-caps: normal; font-family: REM, sans-serif; font-size: 16px; font-style: normal; font-weight: 300;\"><span style=\"font-size: 16px; font-weight: bold;\">L\u00edkamlegt form:\u00a0<\/span>\u00de\u00e1tttakendur skulu vera \u00ed s\u00e6milegu g\u00f6nguformi og geta teki\u00f0 um 500-1000 m h\u00e6kkun \u00e1 dag.\u00a0<\/div><\/div>\n\t\t\t\t<\/div>\n\t\t\t\t\t\t\t<div class=\"elementor-toggle-item\">\n\t\t\t\t\t<div id=\"elementor-tab-title-1313\" class=\"elementor-tab-title\" data-tab=\"3\" role=\"button\" aria-controls=\"elementor-tab-content-1313\" aria-expanded=\"false\">\n\t\t\t\t\t\t\t\t\t\t\t\t<span class=\"elementor-toggle-icon elementor-toggle-icon-left\" aria-hidden=\"true\">\n\t\t\t\t\t\t\t\t\t\t\t\t\t\t\t<span class=\"elementor-toggle-icon-closed\"><i class=\"fas fa-caret-right\"><\/i><\/span>\n\t\t\t\t\t\t\t\t<span class=\"elementor-toggle-icon-opened\"><i class=\"elementor-toggle-icon-opened fas fa-caret-up\"><\/i><\/span>\n\t\t\t\t\t\t\t\t\t\t\t\t\t<\/span>\n\t\t\t\t\t\t\t\t\t\t\t\t<a class=\"elementor-toggle-title\" tabindex=\"0\">B\u00fana\u00f0ur<\/a>\n\t\t\t\t\t<\/div>\n\n\t\t\t\t\t<div id=\"elementor-tab-content-1313\" class=\"elementor-tab-content elementor-clearfix\" data-tab=\"3\" role=\"region\" aria-labelledby=\"elementor-tab-title-1313\"><h2 style=\"font-variant-ligatures: normal; font-variant-caps: normal; line-height: 19.2px; font-family: REM, sans-serif; font-size: 16px; font-style: normal; font-weight: 300; text-transform: capitalize; text-decoration: none; letter-spacing: normal;\"><span style=\"font-size: 16px; color: #324a6d; text-transform: none;\">Mikilv\u00e6gt er a\u00f0 m\u00e6ta vel b\u00fainn \u00e1 n\u00e1mskei\u00f0i\u00f0 og eftirfarandi b\u00fana\u00f0 skal vera me\u00f0 \u00ed f\u00f6r:<\/span><\/h2><ul style=\"font-variant-ligatures: normal; font-variant-caps: normal; font-family: REM, sans-serif; font-size: 16px; font-style: normal; font-weight: 300;\"><li style=\"font-size: 16px;\">Snj\u00f3fl\u00f3\u00f0a\u00ferenning (\u00fdlir, sk\u00f3fla, st\u00f6ng) &#8211; ath. m\u00e6lst er til a\u00f0 snj\u00f3fl\u00f3\u00f0ab\u00fana\u00f0ur s\u00e9 yngri en 5-10 \u00e1ra.<\/li><li style=\"font-size: 16px;\">Fjallask\u00ed\u00f0ab\u00fana\u00f0ur (e\u00f0a split-bretti en mikilv\u00e6gt a\u00f0 vi\u00f0komandi kunni \u00e1 sl\u00edkan b\u00fana\u00f0 \u00e1\u00f0ur): fjallask\u00ed\u00f0i, sk\u00f3r og stafir<\/li><li style=\"font-size: 16px;\">Sk\u00ed\u00f0abroddar og skinn<\/li><li style=\"font-size: 16px;\">Bakpoki<\/li><li style=\"font-size: 16px;\">Hj\u00e1lmur<\/li><li style=\"font-size: 16px;\">Skeljakki og buxur<\/li><li style=\"font-size: 16px;\">Hl\u00fdr jakki<\/li><li style=\"font-size: 16px;\">Hl\u00fdir og \u00feunnir hanskar<\/li><li style=\"font-size: 16px;\">H\u00fafa<\/li><li style=\"font-size: 16px;\">Sk\u00ed\u00f0agleraugu<\/li><li style=\"font-size: 16px;\">S\u00f3lgleraugu og s\u00f3larv\u00f6rn<\/li><li style=\"font-size: 16px;\">Matur yfir daginn<\/li><\/ul><\/div>\n\t\t\t\t<\/div>\n\t\t\t\t\t\t\t\t<\/div>\n\t\t\t\t\t\t<\/div>\n\t\t\t\t<\/div>\n\t\t\t\t\t<\/div>\n\t\t<\/div>\n\t\t\t\t\t<\/div>\n\t\t<\/section>\n\t\t\t\t<section class=\"elementor-section elementor-top-section elementor-element elementor-element-867c09b elementor-section-boxed elementor-section-height-default elementor-section-height-default\" data-id=\"867c09b\" data-element_type=\"section\">\n\t\t\t\t\t\t<div class=\"elementor-container elementor-column-gap-default\">\n\t\t\t\t\t<div class=\"elementor-column elementor-col-100 elementor-top-column elementor-element elementor-element-c6142d5\" data-id=\"c6142d5\" data-element_type=\"column\">\n\t\t\t<div class=\"elementor-widget-wrap elementor-element-populated\">\n\t\t\t\t\t\t<div class=\"elementor-element elementor-element-e96e1d0 elementor-widget elementor-widget-spacer\" data-id=\"e96e1d0\" data-element_type=\"widget\" data-widget_type=\"spacer.default\">\n\t\t\t\t<div class=\"elementor-widget-container\">\n\t\t\t\t\t\t\t<div class=\"elementor-spacer\">\n\t\t\t<div class=\"elementor-spacer-inner\"><\/div>\n\t\t<\/div>\n\t\t\t\t\t\t<\/div>\n\t\t\t\t<\/div>\n\t\t\t\t<div class=\"elementor-element elementor-element-bb39f1e elementor-widget elementor-widget-heading\" data-id=\"bb39f1e\" data-element_type=\"widget\" data-widget_type=\"heading.default\">\n\t\t\t\t<div class=\"elementor-widget-container\">\n\t\t\t\t\t<h2 class=\"elementor-heading-title elementor-size-default\">Skr\u00e1ning<\/h2>\t\t\t\t<\/div>\n\t\t\t\t<\/div>\n\t\t\t\t<div class=\"elementor-element elementor-element-1dd5783 elementor-widget elementor-widget-text-editor\" data-id=\"1dd5783\" data-element_type=\"widget\" data-widget_type=\"text-editor.default\">\n\t\t\t\t<div class=\"elementor-widget-container\">\n\t\t\t\t\t\t\t\t\t<p>Vinsamlegast fylli\u00f0 inn alla reitin svo skr\u00e1ningin teljist gild. Athugi\u00f0 a\u00f0 frekari uppl\u00fdsingar um n\u00e1mskei\u00f0i\u00f0 berast \u00ed t\u00f6lvup\u00f3sti \u00feegar n\u00e6r dregur.<\/p>\t\t\t\t\t\t\t\t<\/div>\n\t\t\t\t<\/div>\n\t\t\t\t<div class=\"elementor-element elementor-element-84d66f1 elementor-widget elementor-widget-shortcode\" data-id=\"84d66f1\" data-element_type=\"widget\" data-widget_type=\"shortcode.default\">\n\t\t\t\t<div class=\"elementor-widget-container\">\n\t\t\t\t\t\t\t<div class=\"elementor-shortcode\">Skr\u00e1ningu \u00e1 Snj\u00f3fl\u00f3\u00f0an\u00e1mskei\u00f0 hefur veri\u00f0 loka\u00f0.<\/div>\n\t\t\t\t\t\t<\/div>\n\t\t\t\t<\/div>\n\t\t\t\t\t<\/div>\n\t\t<\/div>\n\t\t\t\t\t<\/div>\n\t\t<\/section>\n\t\t\t\t<\/div>\n\t\t","protected":false},"excerpt":{"rendered":"<p>Snj\u00f3fl\u00f3\u00f0an\u00e1mskei\u00f0 \u00e1 Fjallask\u00ed\u00f0um 2026 20.-22. febr\u00faar \/\/ 13.-15. mars75.000 kr. \u00deetta \u00feriggja daga n\u00e1mskei\u00f0 er \u00f3missandi fyrir alla sem vilja b\u00e6ta \u00e1kvar\u00f0anat\u00f6ku \u00e1 fjallask\u00ed\u00f0um og \u00ed snj\u00f3fl\u00f3\u00f0alandslagi. \u00de\u00e1tttakendur \u00f6\u00f0last grunnskilning [&hellip;]<\/p>\n","protected":false},"author":3,"featured_media":0,"parent":0,"menu_order":0,"comment_status":"closed","ping_status":"closed","template":"","meta":{"footnotes":""},"class_list":["post-1794","page","type-page","status-publish","hentry","entry"],"_links":{"self":[{"href":"https:\/\/fjallanam.is\/index.php?rest_route=\/wp\/v2\/pages\/1794","targetHints":{"allow":["GET"]}}],"collection":[{"href":"https:\/\/fjallanam.is\/index.php?rest_route=\/wp\/v2\/pages"}],"about":[{"href":"https:\/\/fjallanam.is\/index.php?rest_route=\/wp\/v2\/types\/page"}],"author":[{"embeddable":true,"href":"https:\/\/fjallanam.is\/index.php?rest_route=\/wp\/v2\/users\/3"}],"replies":[{"embeddable":true,"href":"https:\/\/fjallanam.is\/index.php?rest_route=%2Fwp%2Fv2%2Fcomments&post=1794"}],"version-history":[{"count":166,"href":"https:\/\/fjallanam.is\/index.php?rest_route=\/wp\/v2\/pages\/1794\/revisions"}],"predecessor-version":[{"id":2464,"href":"https:\/\/fjallanam.is\/index.php?rest_route=\/wp\/v2\/pages\/1794\/revisions\/2464"}],"wp:attachment":[{"href":"https:\/\/fjallanam.is\/index.php?rest_route=%2Fwp%2Fv2%2Fmedia&parent=1794"}],"curies":[{"name":"wp","href":"https:\/\/api.w.org\/{rel}","templated":true}]}}