{"id":198,"date":"2023-08-10T11:00:13","date_gmt":"2023-08-10T11:00:13","guid":{"rendered":"https:\/\/fjallanam.is\/?page_id=198"},"modified":"2026-04-08T15:28:35","modified_gmt":"2026-04-08T15:28:35","slug":"afangar-i-fjallgonguleidsogn","status":"publish","type":"page","link":"https:\/\/fjallanam.is\/?page_id=198","title":{"rendered":"\u00c1fangar \u00ed Fjallg\u00f6ngulei\u00f0s\u00f6gn"},"content":{"rendered":"\t\t<div data-elementor-type=\"wp-page\" data-elementor-id=\"198\" class=\"elementor elementor-198\" data-elementor-post-type=\"page\">\n\t\t\t\t\t\t<section class=\"elementor-section elementor-top-section elementor-element elementor-element-7685ea2c elementor-section-full_width elementor-section-height-default elementor-section-height-default\" data-id=\"7685ea2c\" data-element_type=\"section\">\n\t\t\t\t\t\t<div class=\"elementor-container elementor-column-gap-default\">\n\t\t\t\t\t<div class=\"elementor-column elementor-col-100 elementor-top-column elementor-element elementor-element-3f2c9bf2\" data-id=\"3f2c9bf2\" data-element_type=\"column\">\n\t\t\t<div class=\"elementor-widget-wrap elementor-element-populated\">\n\t\t\t\t\t\t<div class=\"elementor-element elementor-element-42869fc elementor-widget elementor-widget-spacer\" data-id=\"42869fc\" data-element_type=\"widget\" data-widget_type=\"spacer.default\">\n\t\t\t\t<div class=\"elementor-widget-container\">\n\t\t\t\t\t\t\t<div class=\"elementor-spacer\">\n\t\t\t<div class=\"elementor-spacer-inner\"><\/div>\n\t\t<\/div>\n\t\t\t\t\t\t<\/div>\n\t\t\t\t<\/div>\n\t\t\t\t<div class=\"elementor-element elementor-element-70193411 elementor-widget elementor-widget-heading\" data-id=\"70193411\" data-element_type=\"widget\" data-widget_type=\"heading.default\">\n\t\t\t\t<div class=\"elementor-widget-container\">\n\t\t\t\t\t<h2 class=\"elementor-heading-title elementor-size-default\">\u00c1fangar n\u00e1ms \u00ed Fjallg\u00f6ngulei\u00f0s\u00f6gn<\/h2>\t\t\t\t<\/div>\n\t\t\t\t<\/div>\n\t\t\t\t\t<\/div>\n\t\t<\/div>\n\t\t\t\t\t<\/div>\n\t\t<\/section>\n\t\t\t\t<section class=\"elementor-section elementor-top-section elementor-element elementor-element-3ea74cd8 elementor-section-boxed elementor-section-height-default elementor-section-height-default\" data-id=\"3ea74cd8\" data-element_type=\"section\">\n\t\t\t\t\t\t<div class=\"elementor-container elementor-column-gap-default\">\n\t\t\t\t\t<div class=\"elementor-column elementor-col-100 elementor-top-column elementor-element elementor-element-75123669\" data-id=\"75123669\" data-element_type=\"column\">\n\t\t\t<div class=\"elementor-widget-wrap elementor-element-populated\">\n\t\t\t\t\t\t<div class=\"elementor-element elementor-element-4afb7659 elementor-tabs-alignment-center elementor-tabs-view-horizontal elementor-widget elementor-widget-tabs\" data-id=\"4afb7659\" data-element_type=\"widget\" data-widget_type=\"tabs.default\">\n\t\t\t\t<div class=\"elementor-widget-container\">\n\t\t\t\t\t\t\t<div class=\"elementor-tabs\">\n\t\t\t<div class=\"elementor-tabs-wrapper\" role=\"tablist\" >\n\t\t\t\t\t\t\t\t\t<div id=\"elementor-tab-title-1251\" class=\"elementor-tab-title elementor-tab-desktop-title\" aria-selected=\"true\" data-tab=\"1\" role=\"tab\" tabindex=\"0\" aria-controls=\"elementor-tab-content-1251\" aria-expanded=\"false\">Skipulag n\u00e1msins<\/div>\n\t\t\t\t\t\t\t\t\t<div id=\"elementor-tab-title-1252\" class=\"elementor-tab-title elementor-tab-desktop-title\" aria-selected=\"false\" data-tab=\"2\" role=\"tab\" tabindex=\"-1\" aria-controls=\"elementor-tab-content-1252\" aria-expanded=\"false\">B\u00f3klegt n\u00e1m<\/div>\n\t\t\t\t\t\t\t\t\t<div id=\"elementor-tab-title-1253\" class=\"elementor-tab-title elementor-tab-desktop-title\" aria-selected=\"false\" data-tab=\"3\" role=\"tab\" tabindex=\"-1\" aria-controls=\"elementor-tab-content-1253\" aria-expanded=\"false\">Verklegt n\u00e1m<\/div>\n\t\t\t\t\t\t\t<\/div>\n\t\t\t<div class=\"elementor-tabs-content-wrapper\" role=\"tablist\" aria-orientation=\"vertical\">\n\t\t\t\t\t\t\t\t\t<div class=\"elementor-tab-title elementor-tab-mobile-title\" aria-selected=\"true\" data-tab=\"1\" role=\"tab\" tabindex=\"0\" aria-controls=\"elementor-tab-content-1251\" aria-expanded=\"false\">Skipulag n\u00e1msins<\/div>\n\t\t\t\t\t<div id=\"elementor-tab-content-1251\" class=\"elementor-tab-content elementor-clearfix\" data-tab=\"1\" role=\"tabpanel\" aria-labelledby=\"elementor-tab-title-1251\" tabindex=\"0\" hidden=\"false\"><p>N\u00e1mi\u00f0 samanstendur af verklegum vettvangs\u00e1f\u00f6ngum og b\u00f3klegu fjarn\u00e1mi. Nemendum sem taka n\u00e1mi\u00f0 samhli\u00f0a vinnu e\u00f0a \u00f6\u00f0ru n\u00e1mi er eindregi\u00f0 r\u00e1\u00f0lagt a\u00f0 taka n\u00e1mi\u00f0 \u00e1 fj\u00f3rum \u00f6nnum. Nemendur sem taka n\u00e1mi\u00f0 \u00e1 2 \u00f6nnum samhli\u00f0a vinnu, ver\u00f0a a\u00f0 hafa mikinn sveigjanleika \u00ed vinnu og t\u00edma til a\u00f0 sinna verklegu n\u00e1mi \u00feegar vi\u00f0 \u00e1.<\/p><\/div>\n\t\t\t\t\t\t\t\t\t<div class=\"elementor-tab-title elementor-tab-mobile-title\" aria-selected=\"false\" data-tab=\"2\" role=\"tab\" tabindex=\"-1\" aria-controls=\"elementor-tab-content-1252\" aria-expanded=\"false\">B\u00f3klegt n\u00e1m<\/div>\n\t\t\t\t\t<div id=\"elementor-tab-content-1252\" class=\"elementor-tab-content elementor-clearfix\" data-tab=\"2\" role=\"tabpanel\" aria-labelledby=\"elementor-tab-title-1252\" tabindex=\"0\" hidden=\"hidden\"><p>B\u00f3klegir \u00e1fangar eru kenndir \u00ed fjarn\u00e1mi og geta nemendur sinnt n\u00e1mi s\u00ednu \u00feegar \u00feeim hentar hvar sem er \u00e1 landinu.<\/p><\/div>\n\t\t\t\t\t\t\t\t\t<div class=\"elementor-tab-title elementor-tab-mobile-title\" aria-selected=\"false\" data-tab=\"3\" role=\"tab\" tabindex=\"-1\" aria-controls=\"elementor-tab-content-1253\" aria-expanded=\"false\">Verklegt n\u00e1m<\/div>\n\t\t\t\t\t<div id=\"elementor-tab-content-1253\" class=\"elementor-tab-content elementor-clearfix\" data-tab=\"3\" role=\"tabpanel\" aria-labelledby=\"elementor-tab-title-1253\" tabindex=\"0\" hidden=\"hidden\"><p>Vettvangs\u00e1fangar \u00ed n\u00e1minu eru 14 af \u00feeim eru fj\u00f3rir val \u00e1fangar \u00fear sem nemendur velja tvo af fj\u00f3rum \u00e1f\u00f6ngum. Vettvangs\u00e1fangar hefjast \u00ed FAS og eru kenndir \u00fati \u00ed n\u00e1tt\u00faru \u00cdslands \u00e1 4 &#8211; 7 d\u00f6gum. Mi\u00f0a\u00f0 er vi\u00f0 a\u00f0 vera sem mest \u00fati og \u00fev\u00ed er gist \u00ed tj\u00f6ldum st\u00f3ran hluta af \u00feessum n\u00e1mskei\u00f0um<\/p><\/div>\n\t\t\t\t\t\t\t<\/div>\n\t\t<\/div>\n\t\t\t\t\t\t<\/div>\n\t\t\t\t<\/div>\n\t\t\t\t\t<\/div>\n\t\t<\/div>\n\t\t\t\t\t<\/div>\n\t\t<\/section>\n\t\t\t\t<section class=\"elementor-section elementor-top-section elementor-element elementor-element-485c85d elementor-section-full_width elementor-section-height-default elementor-section-height-default\" data-id=\"485c85d\" data-element_type=\"section\">\n\t\t\t\t\t\t<div class=\"elementor-container elementor-column-gap-default\">\n\t\t\t\t\t<div class=\"elementor-column elementor-col-100 elementor-top-column elementor-element elementor-element-fe539c3\" data-id=\"fe539c3\" data-element_type=\"column\">\n\t\t\t<div class=\"elementor-widget-wrap elementor-element-populated\">\n\t\t\t\t\t\t<div class=\"elementor-element elementor-element-7b3d66e elementor-tabs-view-horizontal elementor-widget elementor-widget-tabs\" data-id=\"7b3d66e\" data-element_type=\"widget\" data-widget_type=\"tabs.default\">\n\t\t\t\t<div class=\"elementor-widget-container\">\n\t\t\t\t\t\t\t<div class=\"elementor-tabs\">\n\t\t\t<div class=\"elementor-tabs-wrapper\" role=\"tablist\" >\n\t\t\t\t\t\t\t\t\t<div id=\"elementor-tab-title-1291\" class=\"elementor-tab-title elementor-tab-desktop-title\" aria-selected=\"true\" data-tab=\"1\" role=\"tab\" tabindex=\"0\" aria-controls=\"elementor-tab-content-1291\" aria-expanded=\"false\">Haust\u00f6nn<\/div>\n\t\t\t\t\t\t\t\t\t<div id=\"elementor-tab-title-1292\" class=\"elementor-tab-title elementor-tab-desktop-title\" aria-selected=\"false\" data-tab=\"2\" role=\"tab\" tabindex=\"-1\" aria-controls=\"elementor-tab-content-1292\" aria-expanded=\"false\">Vor\u00f6nn<\/div>\n\t\t\t\t\t\t\t<\/div>\n\t\t\t<div class=\"elementor-tabs-content-wrapper\" role=\"tablist\" aria-orientation=\"vertical\">\n\t\t\t\t\t\t\t\t\t<div class=\"elementor-tab-title elementor-tab-mobile-title\" aria-selected=\"true\" data-tab=\"1\" role=\"tab\" tabindex=\"0\" aria-controls=\"elementor-tab-content-1291\" aria-expanded=\"false\">Haust\u00f6nn<\/div>\n\t\t\t\t\t<div id=\"elementor-tab-content-1291\" class=\"elementor-tab-content elementor-clearfix\" data-tab=\"1\" role=\"tabpanel\" aria-labelledby=\"elementor-tab-title-1291\" tabindex=\"0\" hidden=\"false\"><style>\ntable {\n  width: 100%;\n  border-collapse: collapse;\n  table-layout: fixed; \/* Jafnar d\u00e1lkabreiddir *\/\n}\ntd, th {\n  border: 1px solid #ddd;\n  padding: 8px;\n  word-wrap: break-word; \/* Br\u00fdtur texta ef hann er of langur *\/\n}\ntr:nth-child(even) {\n  background-color: #f2f2f2;\n}\n<\/style>\n\n<table>\n<colgroup>\n  <col style=\"width: 30%;\">\n  <col style=\"width: 70%;\">\n<\/colgroup>\n<tbody>\n<tr>\n<td>\u00c1fangi<\/td>\n<td>L\u00fdsandi heiti<\/td>\n<\/tr>\n<tr><td>HN\u00c1T4FG05<\/td><td>Hagn\u00fdt n\u00e1tt\u00farfr\u00e6\u00f0i og n\u00e1tt\u00farut\u00falkun<\/td><\/tr>\n<tr><td>FJSK4FG05<\/td><td>Fjallafer\u00f0ir \u00e1 h\u00e1j\u00f6klum<\/td><\/tr>\n<tr><td>LEGA4FG02<\/td><td>Skipulag lei\u00f0angra<\/td><\/tr>\n<tr><td>REFJ4FG03<\/td><td>Fj\u00e1rm\u00e1lal\u00e6si fyrir lei\u00f0s\u00f6gumenn<\/td><\/tr>\n<tr><td>H\u00c1J\u00d64FG03<\/td><td>H\u00e1j\u00f6klafer\u00f0amennska II<\/td><\/tr>\n<tr><td>WFRH4FG05<\/td><td>Vettvangshj\u00e1lp \u00ed \u00f3bygg\u00f0um<\/td><\/tr>\n<tr><td>AIMR4FG04<\/td><td>AIMG j\u00f6klalei\u00f0s\u00f6gn 2 (val)<\/td><\/tr>\n<\/tbody>\n<\/table>\n<\/div>\n\t\t\t\t\t\t\t\t\t<div class=\"elementor-tab-title elementor-tab-mobile-title\" aria-selected=\"false\" data-tab=\"2\" role=\"tab\" tabindex=\"-1\" aria-controls=\"elementor-tab-content-1292\" aria-expanded=\"false\">Vor\u00f6nn<\/div>\n\t\t\t\t\t<div id=\"elementor-tab-content-1292\" class=\"elementor-tab-content elementor-clearfix\" data-tab=\"2\" role=\"tabpanel\" aria-labelledby=\"elementor-tab-title-1292\" tabindex=\"0\" hidden=\"hidden\"><style>\ntable {\n  width: 100%;\n  border-collapse: collapse;\n  table-layout: fixed; \/* Jafnar d\u00e1lkabreiddir *\/\n}\ntd, th {\n  border: 1px solid #ddd;\n  padding: 8px;\n  word-wrap: break-word;\n}\ntr:nth-child(even) {\n  background-color: #f2f2f2;\n}\n<\/style>\n\n<table>\n<colgroup>\n  <col style=\"width: 30%;\">\n  <col style=\"width: 70%;\">\n<\/colgroup>\n<tbody>\n<tr>\n<td>\u00c1fangi<\/td>\n<td>L\u00fdsandi heiti<\/td>\n<\/tr>\n<tr><td>KL\u00cdS4FG03<\/td><td>\u00cdsklifur grunnur<\/td><\/tr>\n<tr><td>KL\u00cdN4FG04<\/td><td>Kletta og l\u00ednuvinna II<\/td><\/tr>\n<tr><td>AIMF4FG04<\/td><td>AIMG fjallg\u00f6ngulei\u00f0s\u00f6gn 1<\/td><\/tr>\n<tr><td>LEGA4VG06<\/td><td>Vetrarlei\u00f0angur<\/td><\/tr>\n<tr><td>SNJ\u00d34FG04<\/td><td>Snj\u00f3fl\u00f3\u00f0afr\u00e6\u00f0i og lei\u00f0s\u00f6gn<\/td><\/tr>\n<tr><td>ERSA4FG05<\/td><td>Erlent skiptin\u00e1m (val)<\/td><\/tr>\n<tr><td>LAVA4FG05<\/td><td>Landvarsla (val)<\/td><\/tr>\n<tr><td>SK\u00cdG4FG02<\/td><td>Framhald \u00ed fjallask\u00ed\u00f0amennsku (val)<\/td><\/tr>\n<\/tbody>\n<\/table>\n<\/div>\n\t\t\t\t\t\t\t<\/div>\n\t\t<\/div>\n\t\t\t\t\t\t<\/div>\n\t\t\t\t<\/div>\n\t\t\t\t\t<\/div>\n\t\t<\/div>\n\t\t\t\t\t<\/div>\n\t\t<\/section>\n\t\t\t\t<\/div>\n\t\t","protected":false},"excerpt":{"rendered":"<p>\u00c1fangar n\u00e1ms \u00ed Fjallg\u00f6ngulei\u00f0s\u00f6gn Skipulag n\u00e1msins B\u00f3klegt n\u00e1m Verklegt n\u00e1m Skipulag n\u00e1msins N\u00e1mi\u00f0 samanstendur af verklegum vettvangs\u00e1f\u00f6ngum og b\u00f3klegu fjarn\u00e1mi. Nemendum sem taka n\u00e1mi\u00f0 samhli\u00f0a vinnu e\u00f0a \u00f6\u00f0ru n\u00e1mi er [&hellip;]<\/p>\n","protected":false},"author":2,"featured_media":0,"parent":0,"menu_order":0,"comment_status":"closed","ping_status":"closed","template":"","meta":{"footnotes":""},"class_list":["post-198","page","type-page","status-publish","hentry","entry"],"_links":{"self":[{"href":"https:\/\/fjallanam.is\/index.php?rest_route=\/wp\/v2\/pages\/198","targetHints":{"allow":["GET"]}}],"collection":[{"href":"https:\/\/fjallanam.is\/index.php?rest_route=\/wp\/v2\/pages"}],"about":[{"href":"https:\/\/fjallanam.is\/index.php?rest_route=\/wp\/v2\/types\/page"}],"author":[{"embeddable":true,"href":"https:\/\/fjallanam.is\/index.php?rest_route=\/wp\/v2\/users\/2"}],"replies":[{"embeddable":true,"href":"https:\/\/fjallanam.is\/index.php?rest_route=%2Fwp%2Fv2%2Fcomments&post=198"}],"version-history":[{"count":45,"href":"https:\/\/fjallanam.is\/index.php?rest_route=\/wp\/v2\/pages\/198\/revisions"}],"predecessor-version":[{"id":3021,"href":"https:\/\/fjallanam.is\/index.php?rest_route=\/wp\/v2\/pages\/198\/revisions\/3021"}],"wp:attachment":[{"href":"https:\/\/fjallanam.is\/index.php?rest_route=%2Fwp%2Fv2%2Fmedia&parent=198"}],"curies":[{"name":"wp","href":"https:\/\/api.w.org\/{rel}","templated":true}]}}