{"id":2032,"date":"2025-12-23T10:37:10","date_gmt":"2025-12-23T10:37:10","guid":{"rendered":"https:\/\/fjallanam.is\/?page_id=2032"},"modified":"2026-01-19T10:43:45","modified_gmt":"2026-01-19T10:43:45","slug":"landvardanamskeid","status":"publish","type":"page","link":"https:\/\/fjallanam.is\/?page_id=2032","title":{"rendered":"Landvar\u00f0an\u00e1mskei\u00f0 2026"},"content":{"rendered":"\t\t<div data-elementor-type=\"wp-page\" data-elementor-id=\"2032\" class=\"elementor elementor-2032\" data-elementor-post-type=\"page\">\n\t\t\t\t\t\t<section class=\"elementor-section elementor-top-section elementor-element elementor-element-7d854e3 elementor-section-boxed elementor-section-height-default elementor-section-height-default\" data-id=\"7d854e3\" data-element_type=\"section\">\n\t\t\t\t\t\t<div class=\"elementor-container elementor-column-gap-default\">\n\t\t\t\t\t<div class=\"elementor-column elementor-col-100 elementor-top-column elementor-element elementor-element-2e39493\" data-id=\"2e39493\" data-element_type=\"column\">\n\t\t\t<div class=\"elementor-widget-wrap elementor-element-populated\">\n\t\t\t\t\t\t<div class=\"elementor-element elementor-element-87de2e9 elementor-widget elementor-widget-spacer\" data-id=\"87de2e9\" data-element_type=\"widget\" data-widget_type=\"spacer.default\">\n\t\t\t\t<div class=\"elementor-widget-container\">\n\t\t\t\t\t\t\t<div class=\"elementor-spacer\">\n\t\t\t<div class=\"elementor-spacer-inner\"><\/div>\n\t\t<\/div>\n\t\t\t\t\t\t<\/div>\n\t\t\t\t<\/div>\n\t\t\t\t\t<\/div>\n\t\t<\/div>\n\t\t\t\t\t<\/div>\n\t\t<\/section>\n\t\t\t\t<section class=\"elementor-section elementor-top-section elementor-element elementor-element-35282f6 elementor-section-height-min-height elementor-section-items-top elementor-section-stretched elementor-section-boxed elementor-section-height-default\" data-id=\"35282f6\" data-element_type=\"section\" data-settings=\"{&quot;stretch_section&quot;:&quot;section-stretched&quot;,&quot;background_background&quot;:&quot;classic&quot;}\">\n\t\t\t\t\t\t<div class=\"elementor-container elementor-column-gap-default\">\n\t\t\t\t\t<div class=\"elementor-column elementor-col-100 elementor-top-column elementor-element elementor-element-08566d6\" data-id=\"08566d6\" data-element_type=\"column\">\n\t\t\t<div class=\"elementor-widget-wrap elementor-element-populated\">\n\t\t\t\t\t\t<div class=\"elementor-element elementor-element-4845a4b elementor-widget elementor-widget-heading\" data-id=\"4845a4b\" data-element_type=\"widget\" data-widget_type=\"heading.default\">\n\t\t\t\t<div class=\"elementor-widget-container\">\n\t\t\t\t\t<h2 class=\"elementor-heading-title elementor-size-default\">Landvar\u00f0an\u00e1mskei\u00f0\n<\/h2>\t\t\t\t<\/div>\n\t\t\t\t<\/div>\n\t\t\t\t<div class=\"elementor-element elementor-element-1b0f0e4 elementor-widget elementor-widget-spacer\" data-id=\"1b0f0e4\" data-element_type=\"widget\" data-widget_type=\"spacer.default\">\n\t\t\t\t<div class=\"elementor-widget-container\">\n\t\t\t\t\t\t\t<div class=\"elementor-spacer\">\n\t\t\t<div class=\"elementor-spacer-inner\"><\/div>\n\t\t<\/div>\n\t\t\t\t\t\t<\/div>\n\t\t\t\t<\/div>\n\t\t\t\t<div class=\"elementor-element elementor-element-6d35b87 elementor-widget elementor-widget-spacer\" data-id=\"6d35b87\" data-element_type=\"widget\" data-widget_type=\"spacer.default\">\n\t\t\t\t<div class=\"elementor-widget-container\">\n\t\t\t\t\t\t\t<div class=\"elementor-spacer\">\n\t\t\t<div class=\"elementor-spacer-inner\"><\/div>\n\t\t<\/div>\n\t\t\t\t\t\t<\/div>\n\t\t\t\t<\/div>\n\t\t\t\t<div class=\"elementor-element elementor-element-2629560 elementor-widget elementor-widget-heading\" data-id=\"2629560\" data-element_type=\"widget\" data-widget_type=\"heading.default\">\n\t\t\t\t<div class=\"elementor-widget-container\">\n\t\t\t\t\t<h2 class=\"elementor-heading-title elementor-size-default\">23.-27. apr\u00edl 2026 \/\/ Skaftafelli og J\u00f6kuls\u00e1rl\u00f3ni <br>170.000 kr.<\/h2>\t\t\t\t<\/div>\n\t\t\t\t<\/div>\n\t\t\t\t\t<\/div>\n\t\t<\/div>\n\t\t\t\t\t<\/div>\n\t\t<\/section>\n\t\t\t\t<section class=\"elementor-section elementor-top-section elementor-element elementor-element-2b66fda elementor-section-boxed elementor-section-height-default elementor-section-height-default\" data-id=\"2b66fda\" data-element_type=\"section\">\n\t\t\t\t\t\t<div class=\"elementor-container elementor-column-gap-default\">\n\t\t\t\t\t<div class=\"elementor-column elementor-col-100 elementor-top-column elementor-element elementor-element-394aa41\" data-id=\"394aa41\" data-element_type=\"column\">\n\t\t\t<div class=\"elementor-widget-wrap elementor-element-populated\">\n\t\t\t\t\t\t<div class=\"elementor-element elementor-element-c131482 elementor-widget elementor-widget-heading\" data-id=\"c131482\" data-element_type=\"widget\" data-widget_type=\"heading.default\">\n\t\t\t\t<div class=\"elementor-widget-container\">\n\t\t\t\t\t<h2 class=\"elementor-heading-title elementor-size-default\">Langar \u00feig a\u00f0 vinna vi\u00f0 n\u00e1tt\u00faruvernd \u00ed \u00edslenskri n\u00e1tt\u00faru?\n<\/h2>\t\t\t\t<\/div>\n\t\t\t\t<\/div>\n\t\t\t\t<div class=\"elementor-element elementor-element-d978959 elementor-widget elementor-widget-text-editor\" data-id=\"d978959\" data-element_type=\"widget\" data-widget_type=\"text-editor.default\">\n\t\t\t\t<div class=\"elementor-widget-container\">\n\t\t\t\t\t\t\t\t\t<h3><b style=\"font-size: 16px; color: #324a6d; text-transform: none;\">Ums\u00f3knarfrestur til 13. jan\u00faar!<\/b><\/h3><div dir=\"ltr\"><span style=\"font-size: 16px;\">Fjallask\u00f3linn kennir n\u00e1mskei\u00f0 \u00ed landv\u00f6rslu \u00e1 vor\u00f6nn 2026 og hlj\u00f3ta \u00feau sem standast n\u00e1mskei\u00f0i\u00f0 landvar\u00f0ar\u00e9ttindi fr\u00e1 N\u00e1tt\u00faruverndarstofnun. N\u00e1mskei\u00f0i\u00f0 fer fram \u00ed \u00d6r\u00e6fum, umhverfis Skaftafell og J\u00f6kuls\u00e1rl\u00f3n.<\/span><\/div><div dir=\"ltr\">\u00a0<\/div><div dir=\"ltr\"><p>N\u00e1mskei\u00f0i\u00f0 mi\u00f0ar a\u00f0 \u00fev\u00ed a\u00f0 undirb\u00faa \u00fe\u00e1tttakendur undir fj\u00f6lbreytt st\u00f6rf landvar\u00f0a en landvar\u00f0an\u00e1mskei\u00f0 Fjallask\u00f3lans byggir \u00e1 n\u00e1mskr\u00e1 N\u00e1tt\u00faruverndarstofnunnar um landvar\u00f0an\u00e1m. N\u00e1mi\u00f0 spannar 110 kennslustundir og er blanda af fjarn\u00e1mi og sta\u00f0n\u00e1mi.<\/p><\/div><div dir=\"ltr\">Vi\u00f0fangsefni n\u00e1mskei\u00f0sins eru me\u00f0al annars:<\/div><ul dir=\"ltr\" data-editing-info=\"{&quot;unorderedStyleType&quot;:2}\"><li dir=\"ltr\">N\u00e1tt\u00farut\u00falkun og fr\u00e6\u00f0sla<\/li><li dir=\"ltr\">Stj\u00f3rns\u00fdsla \u00ed n\u00e1tt\u00faruvernd<\/li><li dir=\"ltr\">Loftslags- og j\u00f6klabreytingar<\/li><li dir=\"ltr\">Samskiptaf\u00e6rni<\/li><li dir=\"ltr\">\u00d6ryggism\u00e1l \u00ed landv\u00f6rslu<\/li><li dir=\"ltr\">Verkleg vinnubr\u00f6g\u00f0 landvar\u00f0a<\/li><\/ul><div><div dir=\"ltr\"><span style=\"font-size: 16px;\">N\u00e1mskei\u00f0i\u00f0 er kennt \u00e1 \u00edslensku en \u00f6ll sem geta stunda\u00f0 n\u00e1m \u00e1 \u00edslensku eru hv\u00f6tt til a\u00f0 s\u00e6kja um. Nemendum er frj\u00e1lst a\u00f0 skila heimaverkefnum \u00e1 \u00edslensku e\u00f0a ensku og ekki er ger\u00f0 krafa um a\u00f0 nemendur geti tj\u00e1\u00f0 sig \u00e1 \u00edslensku.<\/span><\/div><div dir=\"ltr\">\u00a0<\/div><div dir=\"ltr\">\u00cdris Ragnarsd\u00f3ttir Pedersen er umsj\u00f3narkennari n\u00e1mskei\u00f0sins en fj\u00f6ldi s\u00e9rfr\u00e6\u00f0inga \u00ed n\u00e1tt\u00faruvernd og landver\u00f0ir koma a\u00f0 b\u00e6\u00f0i verklegri og b\u00f3klegri kennslu \u00e1 n\u00e1mskei\u00f0inu.<span style=\"font-size: 16px;\">\u00a0<\/span><\/div><div dir=\"ltr\">\u00a0<\/div><div dir=\"ltr\" aria-hidden=\"true\"><p><span style=\"font-size: 16px;\">\u00deegar ums\u00f3knarfrestur hefur runni\u00f0 \u00fat ver\u00f0a \u00fe\u00e1tttakendur valdir inn \u00e1 n\u00e1mskei\u00f0i\u00f0. Horft er til eftirfarandi \u00fe\u00e1tta vi\u00f0 val \u00e1 nemendum: \u00e1hugi til a\u00f0 starfa vi\u00f0 landv\u00f6rslu, reynsla af st\u00f6rfum \u00ed n\u00e1tt\u00faru \u00cdslands, reynsla af verklegri vinnu, tungum\u00e1lakunn\u00e1tta, \u00f6nnur reynsla sem getur gagnast \u00ed starfi.<\/span><\/p><\/div><div dir=\"ltr\"><p>ATH. b\u00f3klegi hluti n\u00e1mskei\u00f0sins hefst <b>26. jan\u00faar\u00a0<\/b>\u00e1 netinu og verklegi hlutinn hefst<b> 23. apr\u00edl <\/b>\u00ed \u00d6r\u00e6fum\/Skaftafelli.<\/p><\/div><div dir=\"ltr\">N\u00e1mskei\u00f0i\u00f0 kostar 170.000 kr.<\/div><\/div>\t\t\t\t\t\t\t\t<\/div>\n\t\t\t\t<\/div>\n\t\t\t\t\t<\/div>\n\t\t<\/div>\n\t\t\t\t\t<\/div>\n\t\t<\/section>\n\t\t\t\t<section class=\"elementor-section elementor-top-section elementor-element elementor-element-191f1c2 elementor-section-boxed elementor-section-height-default elementor-section-height-default\" data-id=\"191f1c2\" data-element_type=\"section\">\n\t\t\t\t\t\t<div class=\"elementor-container elementor-column-gap-default\">\n\t\t\t\t\t<div class=\"elementor-column elementor-col-100 elementor-top-column elementor-element elementor-element-269e524\" data-id=\"269e524\" data-element_type=\"column\">\n\t\t\t<div class=\"elementor-widget-wrap elementor-element-populated\">\n\t\t\t\t\t\t<div class=\"elementor-element elementor-element-b567071 elementor-widget elementor-widget-toggle\" data-id=\"b567071\" data-element_type=\"widget\" data-widget_type=\"toggle.default\">\n\t\t\t\t<div class=\"elementor-widget-container\">\n\t\t\t\t\t\t\t<div class=\"elementor-toggle\">\n\t\t\t\t\t\t\t<div class=\"elementor-toggle-item\">\n\t\t\t\t\t<div id=\"elementor-tab-title-1901\" class=\"elementor-tab-title\" data-tab=\"1\" role=\"button\" aria-controls=\"elementor-tab-content-1901\" aria-expanded=\"false\">\n\t\t\t\t\t\t\t\t\t\t\t\t<span class=\"elementor-toggle-icon elementor-toggle-icon-left\" aria-hidden=\"true\">\n\t\t\t\t\t\t\t\t\t\t\t\t\t\t\t<span class=\"elementor-toggle-icon-closed\"><i class=\"fas fa-caret-right\"><\/i><\/span>\n\t\t\t\t\t\t\t\t<span class=\"elementor-toggle-icon-opened\"><i class=\"elementor-toggle-icon-opened fas fa-caret-up\"><\/i><\/span>\n\t\t\t\t\t\t\t\t\t\t\t\t\t<\/span>\n\t\t\t\t\t\t\t\t\t\t\t\t<a class=\"elementor-toggle-title\" tabindex=\"0\">Fyrirkomulag n\u00e1mskei\u00f0s<\/a>\n\t\t\t\t\t<\/div>\n\n\t\t\t\t\t<div id=\"elementor-tab-content-1901\" class=\"elementor-tab-content elementor-clearfix\" data-tab=\"1\" role=\"region\" aria-labelledby=\"elementor-tab-title-1901\"><div dir=\"ltr\" style=\"font-variant-ligatures: normal; font-variant-caps: normal; font-family: REM, sans-serif; font-size: 16px; font-style: normal; text-align: justify;\" data-olk-copy-source=\"MessageBody\"><p><span style=\"font-weight: 300;\">N\u00e1mskei\u00f0i\u00f0 skiptist \u00ed <\/span><b>b\u00f3klegan<\/b> og <b>verklegan<\/b> hluta \u00e1samt \u00fdmiskonar verkefnum.<\/p><\/div><div dir=\"ltr\" style=\"font-variant-ligatures: normal; font-variant-caps: normal; font-family: REM, sans-serif; font-size: 16px; font-style: normal; text-align: justify;\" data-olk-copy-source=\"MessageBody\"><p><b>B\u00f3klegi<\/b><span style=\"font-weight: 300;\"> hluti n\u00e1msins fer fram \u00ed fjarn\u00e1mi \u00ed formi fyrirlestra og erinda fr\u00e1 s\u00e9rfr\u00e6\u00f0ingum \u00e1 \u00fdmsum svi\u00f0um sem snerta n\u00e1tt\u00faruvernd og landv\u00f6rslu.<\/span><\/p><ul><li><span style=\"font-family: REM, sans-serif; font-size: 16px; font-style: normal; font-variant-ligatures: normal; font-variant-caps: normal; font-weight: 300;\">B\u00f3klega n\u00e1mi\u00f0 ver\u00f0ur haldi\u00f0 \u00ed raunt\u00edma \u00ed netheimum en fyrirlestrar ver\u00f0a einnig teknir upp fyrir \u00feau sem ekki komast \u00ed raunt\u00edma. Flestir b\u00f3klegir t\u00edmar ver\u00f0a \u00e1 <\/span><span style=\"font-family: REM, sans-serif; font-size: 16px; font-style: normal; font-variant-ligatures: normal; font-variant-caps: normal;\"><b>m\u00e1nud\u00f6gum og \u00feri\u00f0jud\u00f6gum milli kl 16 og 18.<\/b><\/span><\/li><li><span style=\"font-family: REM, sans-serif; font-size: 16px; font-style: normal; font-variant-ligatures: normal; font-variant-caps: normal;\"><span style=\"font-weight: 300; font-family: REM, sans-serif; font-size: 16px; font-style: normal; font-variant-ligatures: normal; font-variant-caps: normal;\">\u00a0Nemendur vinna <\/span><span style=\"font-family: REM, sans-serif; font-size: 16px; font-style: normal; font-variant-ligatures: normal; font-variant-caps: normal;\"><b>heimaverkefni<\/b><\/span><span style=\"font-weight: 300; font-family: REM, sans-serif; font-size: 16px; font-style: normal; font-variant-ligatures: normal; font-variant-caps: normal;\"> sem sty\u00f0ja vi\u00f0 fyrirlestrana og mi\u00f0ast vi\u00f0 a\u00f0 vera gott stu\u00f0ningsefni \u00ed komandi starfi sem landver\u00f0ir.<\/span><\/span><\/li><\/ul><\/div><div dir=\"ltr\" style=\"font-variant-ligatures: normal; font-variant-caps: normal; font-family: REM, sans-serif; font-size: 16px; font-style: normal; font-weight: 300; text-align: justify;\" data-olk-copy-source=\"MessageBody\">\u00a0<\/div><div dir=\"ltr\" style=\"font-variant-ligatures: normal; font-variant-caps: normal; font-family: REM, sans-serif; font-size: 16px; font-style: normal; text-align: justify;\"><b>Verklegi<\/b><span style=\"font-weight: 300;\"> hluti n\u00e1msins fer fram \u00ed sta\u00f0n\u00e1mi dagana\u00a0<span style=\"font-size: 16px; font-weight: bold;\">23-27. apr\u00edl \u00ed Skaftafelli og \u00e1 J\u00f6kuls\u00e1rl\u00f3ni.<\/span>\u00a0Skyldum\u00e6ting er alla daga \u00ed verklega lotu n\u00e1msins. Nemendur sj\u00e1 s\u00e9r sj\u00e1lfir fyrir f\u00e6\u00f0i og h\u00fasn\u00e6\u00f0i me\u00f0an sta\u00f0lotu stendur.<\/span><\/div><div dir=\"ltr\" style=\"font-variant-ligatures: normal; font-variant-caps: normal; font-family: REM, sans-serif; font-size: 16px; font-style: normal; font-weight: 300; text-align: justify;\">\u00a0<\/div><\/div>\n\t\t\t\t<\/div>\n\t\t\t\t\t\t\t<div class=\"elementor-toggle-item\">\n\t\t\t\t\t<div id=\"elementor-tab-title-1902\" class=\"elementor-tab-title\" data-tab=\"2\" role=\"button\" aria-controls=\"elementor-tab-content-1902\" aria-expanded=\"false\">\n\t\t\t\t\t\t\t\t\t\t\t\t<span class=\"elementor-toggle-icon elementor-toggle-icon-left\" aria-hidden=\"true\">\n\t\t\t\t\t\t\t\t\t\t\t\t\t\t\t<span class=\"elementor-toggle-icon-closed\"><i class=\"fas fa-caret-right\"><\/i><\/span>\n\t\t\t\t\t\t\t\t<span class=\"elementor-toggle-icon-opened\"><i class=\"elementor-toggle-icon-opened fas fa-caret-up\"><\/i><\/span>\n\t\t\t\t\t\t\t\t\t\t\t\t\t<\/span>\n\t\t\t\t\t\t\t\t\t\t\t\t<a class=\"elementor-toggle-title\" tabindex=\"0\">Skilyr\u00f0i<\/a>\n\t\t\t\t\t<\/div>\n\n\t\t\t\t\t<div id=\"elementor-tab-content-1902\" class=\"elementor-tab-content elementor-clearfix\" data-tab=\"2\" role=\"region\" aria-labelledby=\"elementor-tab-title-1902\"><div dir=\"ltr\" style=\"font-variant-ligatures: normal; font-variant-caps: normal; font-family: REM, sans-serif; font-size: 16px; font-style: normal; font-weight: 300; text-align: justify;\">Skilyr\u00f0i fyrir inng\u00f6ngu \u00e1 n\u00e1mskei\u00f0i\u00f0:<\/div><div dir=\"ltr\" style=\"font-variant-ligatures: normal; font-variant-caps: normal; font-family: REM, sans-serif; font-size: 16px; font-style: normal; font-weight: 300; text-align: justify;\"><ul style=\"font-size: 16px;\"><li style=\"font-size: 16px;\">18 \u00e1ra aldur<\/li><li style=\"font-size: 16px;\">Gilt skyndihj\u00e1lparn\u00e1mskei\u00f0<\/li><li style=\"font-size: 16px;\">H\u00e6fni til a\u00f0 stunda n\u00e1m \u00e1 \u00edslensku<\/li><\/ul><\/div><\/div>\n\t\t\t\t<\/div>\n\t\t\t\t\t\t\t\t<\/div>\n\t\t\t\t\t\t<\/div>\n\t\t\t\t<\/div>\n\t\t\t\t\t<\/div>\n\t\t<\/div>\n\t\t\t\t\t<\/div>\n\t\t<\/section>\n\t\t\t\t<section class=\"elementor-section elementor-top-section elementor-element elementor-element-9e567da elementor-section-boxed elementor-section-height-default elementor-section-height-default\" data-id=\"9e567da\" data-element_type=\"section\">\n\t\t\t\t\t\t<div class=\"elementor-container elementor-column-gap-default\">\n\t\t\t\t\t<div class=\"elementor-column elementor-col-100 elementor-top-column elementor-element elementor-element-8e6175e\" data-id=\"8e6175e\" data-element_type=\"column\">\n\t\t\t<div class=\"elementor-widget-wrap elementor-element-populated\">\n\t\t\t\t\t\t<div class=\"elementor-element elementor-element-aa383d7 elementor-widget elementor-widget-spacer\" data-id=\"aa383d7\" data-element_type=\"widget\" data-widget_type=\"spacer.default\">\n\t\t\t\t<div class=\"elementor-widget-container\">\n\t\t\t\t\t\t\t<div class=\"elementor-spacer\">\n\t\t\t<div class=\"elementor-spacer-inner\"><\/div>\n\t\t<\/div>\n\t\t\t\t\t\t<\/div>\n\t\t\t\t<\/div>\n\t\t\t\t<div class=\"elementor-element elementor-element-7d4022b elementor-widget elementor-widget-heading\" data-id=\"7d4022b\" data-element_type=\"widget\" data-widget_type=\"heading.default\">\n\t\t\t\t<div class=\"elementor-widget-container\">\n\t\t\t\t\t<h2 class=\"elementor-heading-title elementor-size-default\">Skr\u00e1ning<\/h2>\t\t\t\t<\/div>\n\t\t\t\t<\/div>\n\t\t\t\t<div class=\"elementor-element elementor-element-f2052c4 elementor-widget elementor-widget-text-editor\" data-id=\"f2052c4\" data-element_type=\"widget\" data-widget_type=\"text-editor.default\">\n\t\t\t\t<div class=\"elementor-widget-container\">\n\t\t\t\t\t\t\t\t\t<p>Vinsamlegast fylli\u00f0 inn alla reiti svo skr\u00e1ningin teljist gild. Athugi\u00f0 a\u00f0 frekari uppl\u00fdsingar um n\u00e1mskei\u00f0i\u00f0 berast \u00ed t\u00f6lvup\u00f3sti \u00feegar n\u00e6r dregur.<\/p>\t\t\t\t\t\t\t\t<\/div>\n\t\t\t\t<\/div>\n\t\t\t\t<div class=\"elementor-element elementor-element-2425155 elementor-widget elementor-widget-shortcode\" data-id=\"2425155\" data-element_type=\"widget\" data-widget_type=\"shortcode.default\">\n\t\t\t\t<div class=\"elementor-widget-container\">\n\t\t\t\t\t\t\t<div class=\"elementor-shortcode\"><form method=\"post\" enctype=\"multipart\/form-data\" id=\"vfbp-form-13\" class=\"vfbp-form\"><div style=\"display:none;\"><label for=\"vfbp-EMAIL-AN8fuQyoDLXem\">If you are human, leave this field blank.<\/label><input size=\"25\" autocomplete=\"off\" type=\"text\" name=\"vfbp-EMAIL-AN8fuQyoDLXem\" value=\"\" id=\"\"><\/div><input type=\"hidden\" name=\"_vfb-timestamp-13\" value=\"1775255811\" id=\"\"><input type=\"hidden\" name=\"_vfb-form-id\" value=\"13\" id=\"\"><div class=\"vfb-col-12 vfb-fieldType-text\" id=\"vfbField201\"><div class=\"vfb-form-group\"><label for=\"vfb-field-201\" class=\"vfb-control-label\">Fullt nafn <span class=\"vfb-required-asterisk\">*<\/span><\/label><div><input id=\"vfb-field-201\" class=\"vfb-form-control\" placeholder=\"\" required=\"required\" type=\"text\" name=\"vfb-field-201\" value=\"\"><\/div><\/div><\/div><div class=\"vfb-clearfix\"><\/div><div class=\"vfb-col-12 vfb-fieldType-text\" id=\"vfbField202\"><div class=\"vfb-form-group\"><label for=\"vfb-field-202\" class=\"vfb-control-label\">T\u00f6lvup\u00f3stfang <span class=\"vfb-required-asterisk\">*<\/span><\/label><div><input id=\"vfb-field-202\" class=\"vfb-form-control\" placeholder=\"\" required=\"required\" type=\"text\" name=\"vfb-field-202\" value=\"\"><\/div><\/div><\/div><div class=\"vfb-clearfix\"><\/div><div class=\"vfb-col-12 vfb-fieldType-text\" id=\"vfbField203\"><div class=\"vfb-form-group\"><label for=\"vfb-field-203\" class=\"vfb-control-label\">Kennitala <span class=\"vfb-required-asterisk\">*<\/span><\/label><div><input id=\"vfb-field-203\" class=\"vfb-form-control\" placeholder=\"\" required=\"required\" type=\"text\" name=\"vfb-field-203\" value=\"\"><span class=\"vfb-help-block\">Til \u00feess a\u00f0 senda kr\u00f6fu \u00e1 heimabanka.<\/span><\/div><\/div><\/div><div class=\"vfb-clearfix\"><\/div><div class=\"vfb-col-12 vfb-fieldType-phone\" id=\"vfbField205\"><div class=\"vfb-form-group\"><label for=\"vfb-field-205\" class=\"vfb-control-label\">S\u00edman\u00famer <span class=\"vfb-required-asterisk\">*<\/span><\/label><div><input id=\"vfb-field-205\" class=\"vfb-form-control vfb-intl-phone\" placeholder=\"\" required=\"required\" data-default-country=\"is\" type=\"tel\" name=\"vfb-field-205\" value=\"\"><\/div><\/div><\/div><div class=\"vfb-clearfix\"><\/div><div class=\"vfb-col-12 vfb-fieldType-textarea\" id=\"vfbField210\"><div class=\"vfb-form-group\"><label for=\"vfb-field-210\" class=\"vfb-control-label\">Reynsla og menntun <span class=\"vfb-required-asterisk\">*<\/span><\/label><div><textarea id=\"vfb-field-210\" class=\"vfb-form-control\" placeholder=\"\" required=\"required\" rows=\"10\" name=\"vfb-field-210\" cols=\"50\"><\/textarea><\/div><\/div><\/div><div class=\"vfb-clearfix\"><\/div><div class=\"vfb-col-12 vfb-fieldType-text\" id=\"vfbField207\"><div class=\"vfb-form-group\"><label for=\"vfb-field-207\" class=\"vfb-control-label\">Getur\u00f0u stunda\u00f0 n\u00e1m \u00e1 \u00edslensku? <span class=\"vfb-required-asterisk\">*<\/span><\/label><div><input id=\"vfb-field-207\" class=\"vfb-form-control\" placeholder=\"\" required=\"required\" type=\"text\" name=\"vfb-field-207\" value=\"\"><\/div><\/div><\/div><div class=\"vfb-clearfix\"><\/div><div class=\"vfb-col-12 vfb-fieldType-submit\" id=\"vfbField208\"><button id=\"vfb-field-208\" class=\" btn btn-primary\" placeholder=\"\" type=\"submit\" name=\"_vfb-submit\">Senda inn<\/button><\/div><div class=\"vfb-clearfix\"><\/div><\/form><\/div>\n\t\t\t\t\t\t<\/div>\n\t\t\t\t<\/div>\n\t\t\t\t\t<\/div>\n\t\t<\/div>\n\t\t\t\t\t<\/div>\n\t\t<\/section>\n\t\t\t\t<\/div>\n\t\t","protected":false},"excerpt":{"rendered":"<p>Landvar\u00f0an\u00e1mskei\u00f0 23.-27. apr\u00edl 2026 \/\/ Skaftafelli og J\u00f6kuls\u00e1rl\u00f3ni 170.000 kr. Langar \u00feig a\u00f0 vinna vi\u00f0 n\u00e1tt\u00faruvernd \u00ed \u00edslenskri n\u00e1tt\u00faru? Ums\u00f3knarfrestur til 13. jan\u00faar! Fjallask\u00f3linn kennir n\u00e1mskei\u00f0 \u00ed landv\u00f6rslu \u00e1 vor\u00f6nn [&hellip;]<\/p>\n","protected":false},"author":3,"featured_media":0,"parent":0,"menu_order":0,"comment_status":"closed","ping_status":"closed","template":"","meta":{"footnotes":""},"class_list":["post-2032","page","type-page","status-publish","hentry","entry"],"_links":{"self":[{"href":"https:\/\/fjallanam.is\/index.php?rest_route=\/wp\/v2\/pages\/2032","targetHints":{"allow":["GET"]}}],"collection":[{"href":"https:\/\/fjallanam.is\/index.php?rest_route=\/wp\/v2\/pages"}],"about":[{"href":"https:\/\/fjallanam.is\/index.php?rest_route=\/wp\/v2\/types\/page"}],"author":[{"embeddable":true,"href":"https:\/\/fjallanam.is\/index.php?rest_route=\/wp\/v2\/users\/3"}],"replies":[{"embeddable":true,"href":"https:\/\/fjallanam.is\/index.php?rest_route=%2Fwp%2Fv2%2Fcomments&post=2032"}],"version-history":[{"count":40,"href":"https:\/\/fjallanam.is\/index.php?rest_route=\/wp\/v2\/pages\/2032\/revisions"}],"predecessor-version":[{"id":2332,"href":"https:\/\/fjallanam.is\/index.php?rest_route=\/wp\/v2\/pages\/2032\/revisions\/2332"}],"wp:attachment":[{"href":"https:\/\/fjallanam.is\/index.php?rest_route=%2Fwp%2Fv2%2Fmedia&parent=2032"}],"curies":[{"name":"wp","href":"https:\/\/api.w.org\/{rel}","templated":true}]}}