{"id":283,"date":"2024-01-31T14:23:01","date_gmt":"2024-01-31T14:23:01","guid":{"rendered":"https:\/\/fjallanam.is\/?page_id=283"},"modified":"2026-04-08T15:33:38","modified_gmt":"2026-04-08T15:33:38","slug":"umsokn-grunnam","status":"publish","type":"page","link":"https:\/\/fjallanam.is\/?page_id=283","title":{"rendered":"Ums\u00f3kn N\u00e1m \u00ed J\u00f6klalei\u00f0s\u00f6gn"},"content":{"rendered":"\t\t<div data-elementor-type=\"wp-page\" data-elementor-id=\"283\" class=\"elementor elementor-283\" data-elementor-post-type=\"page\">\n\t\t\t\t\t\t<section class=\"elementor-section elementor-top-section elementor-element elementor-element-14b73bb elementor-section-boxed elementor-section-height-default elementor-section-height-default\" data-id=\"14b73bb\" data-element_type=\"section\">\n\t\t\t\t\t\t<div class=\"elementor-container elementor-column-gap-default\">\n\t\t\t\t\t<div class=\"elementor-column elementor-col-100 elementor-top-column elementor-element elementor-element-1babdc1\" data-id=\"1babdc1\" data-element_type=\"column\">\n\t\t\t<div class=\"elementor-widget-wrap elementor-element-populated\">\n\t\t\t\t\t\t<div class=\"elementor-element elementor-element-b209fe1 elementor-widget elementor-widget-spacer\" data-id=\"b209fe1\" data-element_type=\"widget\" data-widget_type=\"spacer.default\">\n\t\t\t\t<div class=\"elementor-widget-container\">\n\t\t\t\t\t\t\t<div class=\"elementor-spacer\">\n\t\t\t<div class=\"elementor-spacer-inner\"><\/div>\n\t\t<\/div>\n\t\t\t\t\t\t<\/div>\n\t\t\t\t<\/div>\n\t\t\t\t<div class=\"elementor-element elementor-element-069e845 elementor-widget elementor-widget-heading\" data-id=\"069e845\" data-element_type=\"widget\" data-widget_type=\"heading.default\">\n\t\t\t\t<div class=\"elementor-widget-container\">\n\t\t\t\t\t<h2 class=\"elementor-heading-title elementor-size-default\">Ums\u00f3kn um grunnn\u00e1m \u00ed j\u00f6kla- og \u00e6vint\u00fdralei\u00f0s\u00f6gn vi\u00f0 Fjallask\u00f3la \u00cdslands<\/h2>\t\t\t\t<\/div>\n\t\t\t\t<\/div>\n\t\t\t\t<div class=\"elementor-element elementor-element-2ff2437 elementor-widget elementor-widget-text-editor\" data-id=\"2ff2437\" data-element_type=\"widget\" data-widget_type=\"text-editor.default\">\n\t\t\t\t<div class=\"elementor-widget-container\">\n\t\t\t\t\t\t\t\t\t<h1><span style=\"font-weight: normal;\">Ums\u00f3knarfrestur \u00fat 30. apr\u00edl<\/span><\/h1>\t\t\t\t\t\t\t\t<\/div>\n\t\t\t\t<\/div>\n\t\t\t\t\t<\/div>\n\t\t<\/div>\n\t\t\t\t\t<\/div>\n\t\t<\/section>\n\t\t\t\t<section class=\"elementor-section elementor-top-section elementor-element elementor-element-8286d4e elementor-section-full_width elementor-section-height-default elementor-section-height-default\" data-id=\"8286d4e\" data-element_type=\"section\">\n\t\t\t\t\t\t<div class=\"elementor-container elementor-column-gap-default\">\n\t\t\t\t\t<div class=\"elementor-column elementor-col-50 elementor-top-column elementor-element elementor-element-7cd82d9\" data-id=\"7cd82d9\" data-element_type=\"column\">\n\t\t\t<div class=\"elementor-widget-wrap elementor-element-populated\">\n\t\t\t\t\t\t<div class=\"elementor-element elementor-element-68e2b1d elementor-widget elementor-widget-shortcode\" data-id=\"68e2b1d\" data-element_type=\"widget\" data-widget_type=\"shortcode.default\">\n\t\t\t\t<div class=\"elementor-widget-container\">\n\t\t\t\t\t\t\t<div class=\"elementor-shortcode\"><form method=\"post\" enctype=\"multipart\/form-data\" id=\"vfbp-form-19\" class=\"vfbp-form\"><div style=\"display:none;\"><label for=\"vfbp-EMAIL-AN8fuQyoDLXem\">If you are human, leave this field blank.<\/label><input size=\"25\" autocomplete=\"off\" type=\"text\" name=\"vfbp-EMAIL-AN8fuQyoDLXem\" value=\"\" id=\"\"><\/div><input type=\"hidden\" name=\"_vfb-timestamp-19\" value=\"1777517869\" id=\"\"><input type=\"hidden\" name=\"_vfb-form-id\" value=\"19\" id=\"\"><input type=\"hidden\" name=\"_vfb-token-19\" value=\"MTc3NzUxNzg2OWlMQ0FqZlNSeEx6Z1AzZUI0QkJBUmZ2cVBmTTByU3Rv\" id=\"\"><div class=\"vfb-col-10 vfb-fieldType-text\" id=\"vfbField257\"><div class=\"vfb-form-group\"><label for=\"vfb-field-257\" class=\"vfb-control-label\">Nafn <span class=\"vfb-required-asterisk\">*<\/span><\/label><div><input id=\"vfb-field-257\" class=\"vfb-form-control\" placeholder=\"Fullt nafn\" required=\"required\" type=\"text\" name=\"vfb-field-257\" value=\"\"><\/div><\/div><\/div><div class=\"vfb-col-10 vfb-fieldType-text\" id=\"vfbField258\"><div class=\"vfb-form-group\"><label for=\"vfb-field-258\" class=\"vfb-control-label\">Heimili <span class=\"vfb-required-asterisk\">*<\/span><\/label><div><input id=\"vfb-field-258\" class=\"vfb-form-control\" placeholder=\"\" required=\"required\" type=\"text\" name=\"vfb-field-258\" value=\"\"><\/div><\/div><\/div><div class=\"vfb-clearfix\"><\/div><div class=\"vfb-col-10 vfb-fieldType-text\" id=\"vfbField259\"><div class=\"vfb-form-group\"><label for=\"vfb-field-259\" class=\"vfb-control-label\">S\u00edmi <span class=\"vfb-required-asterisk\">*<\/span><\/label><div><input id=\"vfb-field-259\" class=\"vfb-form-control\" placeholder=\"\" required=\"required\" type=\"text\" name=\"vfb-field-259\" value=\"\"><\/div><\/div><\/div><div class=\"vfb-col-10 vfb-fieldType-text\" id=\"vfbField260\"><div class=\"vfb-form-group\"><label for=\"vfb-field-260\" class=\"vfb-control-label\">P\u00f3stn\u00famer <span class=\"vfb-required-asterisk\">*<\/span><\/label><div><input id=\"vfb-field-260\" class=\"vfb-form-control\" placeholder=\"\" required=\"required\" type=\"text\" name=\"vfb-field-260\" value=\"\"><\/div><\/div><\/div><div class=\"vfb-clearfix\"><\/div><div class=\"vfb-col-10 vfb-fieldType-text\" id=\"vfbField261\"><div class=\"vfb-form-group\"><label for=\"vfb-field-261\" class=\"vfb-control-label\">Kennitala <span class=\"vfb-required-asterisk\">*<\/span><\/label><div><input id=\"vfb-field-261\" class=\"vfb-form-control\" placeholder=\"0101019999\" required=\"required\" type=\"text\" name=\"vfb-field-261\" value=\"\"><\/div><\/div><\/div><div class=\"vfb-col-10 vfb-fieldType-email\" id=\"vfbField262\"><div class=\"vfb-form-group\"><label for=\"vfb-field-262\" class=\"vfb-control-label\">Netfang <span class=\"vfb-required-asterisk\">*<\/span><\/label><div><input id=\"vfb-field-262\" class=\"vfb-form-control\" placeholder=\"\" required=\"required\" type=\"email\" name=\"vfb-field-262\" value=\"\"><\/div><\/div><\/div><div class=\"vfb-clearfix\"><\/div><div class=\"vfb-col-10 vfb-fieldType-radio\" id=\"vfbField263\"><label for=\"vfb-field-263\" class=\"vfb-control-label\">S\u00e6ki um \u00ed n\u00e1m \u00e1 2 \u00f6nnum e\u00f0a 4 \u00f6nnum? <span class=\"vfb-required-asterisk\">*<\/span><\/label><div><div class=\"vfb-radio\"><label><input id=\"vfb-field-263-0\" class=\"\" placeholder=\"\" required=\"required\" type=\"radio\" name=\"vfb-field-263\" value=\"2 annir (eitt &aacute;r)\">2 annir (eitt \u00e1r)<\/label><\/div><div class=\"vfb-radio\"><label><input id=\"vfb-field-263-1\" class=\"\" placeholder=\"\" required=\"required\" type=\"radio\" name=\"vfb-field-263\" value=\"4 annir (tv&ouml; &aacute;r)\">4 annir (tv\u00f6 \u00e1r)<\/label><\/div><\/div><\/div><div class=\"vfb-col-10 vfb-fieldType-text\" id=\"vfbField264\"><div class=\"vfb-form-group\"><label for=\"vfb-field-264\" class=\"vfb-control-label\">Hefur \u00fe\u00fa loki\u00f0 n\u00e1m \u00ed framhaldssk\u00f3la e\u00f0a samb\u00e6rilegri menntun ? Ef \u00fe\u00fa svarar j\u00e1tandi hva\u00f0a n\u00e1mi hefur \u00fe\u00fa loki\u00f0? <span class=\"vfb-required-asterisk\">*<\/span><\/label><div><input id=\"vfb-field-264\" class=\"vfb-form-control\" placeholder=\"\" required=\"required\" type=\"text\" name=\"vfb-field-264\" value=\"\"><\/div><\/div><\/div><div class=\"vfb-clearfix\"><\/div><div class=\"vfb-col-10 vfb-fieldType-text\" id=\"vfbField265\"><div class=\"vfb-form-group\"><label for=\"vfb-field-265\" class=\"vfb-control-label\">Hefur \u00fe\u00fa loki\u00f0 n\u00e1mi \u00ed h\u00e1sk\u00f3la? Ef \u00fe\u00fa svarar j\u00e1tandi hva\u00f0a n\u00e1mi hefur \u00fe\u00fa loki\u00f0? <span class=\"vfb-required-asterisk\">*<\/span><\/label><div><input id=\"vfb-field-265\" class=\"vfb-form-control\" placeholder=\"\" required=\"required\" type=\"text\" name=\"vfb-field-265\" value=\"\"><\/div><\/div><\/div><div class=\"vfb-col-10 vfb-fieldType-text\" id=\"vfbField266\"><div class=\"vfb-form-group\"><label for=\"vfb-field-266\" class=\"vfb-control-label\">Hefur \u00fe\u00fa veri\u00f0 \u00ed n\u00e1mi e\u00f0a n\u00e1mskei\u00f0um \u00ed fjallamennsku? Ef \u00fe\u00fa svarar j\u00e1tandi \u00ed hverju? nefndu allt sem \u00fe\u00fa telur a\u00f0 skipti m\u00e1li. <span class=\"vfb-required-asterisk\">*<\/span><\/label><div><input id=\"vfb-field-266\" class=\"vfb-form-control\" placeholder=\"\" required=\"required\" type=\"text\" name=\"vfb-field-266\" value=\"\"><\/div><\/div><\/div><div class=\"vfb-clearfix\"><\/div><div class=\"vfb-col-10 vfb-fieldType-text\" id=\"vfbField267\"><div class=\"vfb-form-group\"><label for=\"vfb-field-267\" class=\"vfb-control-label\">Hefur \u00fe\u00fa starfa\u00f0 vi\u00f0 lei\u00f0s\u00f6gn, fjallamennsku e\u00f0a \u00e6vint\u00fdrafer\u00f0a\u00fej\u00f3nustu? Ef \u00fe\u00fa svarar j\u00e1tandi \u00fe\u00e1 vi\u00f0 hva\u00f0? <span class=\"vfb-required-asterisk\">*<\/span><\/label><div><input id=\"vfb-field-267\" class=\"vfb-form-control\" placeholder=\"\" required=\"required\" type=\"text\" name=\"vfb-field-267\" value=\"\"><\/div><\/div><\/div><div class=\"vfb-col-10 vfb-fieldType-text\" id=\"vfbField268\"><div class=\"vfb-form-group\"><label for=\"vfb-field-268\" class=\"vfb-control-label\">Hefur \u00fe\u00fa hug \u00e1 a\u00f0 gera fjallamennsku e\u00f0a \u00e6vint\u00fdrafer\u00f0a\u00fej\u00f3nustu a\u00f0 atvinnu \u00feinni? <span class=\"vfb-required-asterisk\">*<\/span><\/label><div><input id=\"vfb-field-268\" class=\"vfb-form-control\" placeholder=\"\" required=\"required\" type=\"text\" name=\"vfb-field-268\" value=\"\"><\/div><\/div><\/div><div class=\"vfb-clearfix\"><\/div><div class=\"vfb-col-10 vfb-fieldType-radio\" id=\"vfbField269\"><label for=\"vfb-field-269\" class=\"vfb-control-label\">Getur \u00fe\u00fa stunda\u00f0 n\u00e1m \u00e1 \u00edslensku og ensku? <span class=\"vfb-required-asterisk\">*<\/span><\/label><div><div class=\"vfb-radio\"><label><input id=\"vfb-field-269-0\" class=\"\" placeholder=\"\" required=\"required\" type=\"radio\" name=\"vfb-field-269\" value=\"J&aacute;\">J\u00e1<\/label><\/div><div class=\"vfb-radio\"><label><input id=\"vfb-field-269-1\" class=\"\" placeholder=\"\" required=\"required\" type=\"radio\" name=\"vfb-field-269\" value=\"Nei\">Nei<\/label><\/div><\/div><\/div><div class=\"vfb-col-10 vfb-fieldType-radio\" id=\"vfbField270\"><label for=\"vfb-field-270\" class=\"vfb-control-label\">Fjallamennskun\u00e1m Fjallask\u00f3la \u00cdslands krefst mikils t\u00edma, fjarveru a\u00f0 heiman og vinnu, hefur \u00fe\u00fa kynnt \u00fe\u00e9r skipulag og dagtal n\u00e1msins. Telur \u00fe\u00fa \u00feig hafa svigr\u00fam og getu til a\u00f0 skuldbinda \u00feig n\u00e1minu? <span class=\"vfb-required-asterisk\">*<\/span><\/label><div><div class=\"vfb-radio\"><label><input id=\"vfb-field-270-0\" class=\"\" placeholder=\"\" required=\"required\" type=\"radio\" name=\"vfb-field-270\" value=\"J&aacute;, &eacute;g ver&eth; ekki &iacute; &ouml;&eth;ru n&aacute;mi e&eth;a vinnu n&aelig;sta sk&oacute;la&aacute;r samhli&eth;a fjallamennskun&aacute;minu.\">J\u00e1, \u00e9g ver\u00f0 ekki \u00ed \u00f6\u00f0ru n\u00e1mi e\u00f0a vinnu n\u00e6sta sk\u00f3la\u00e1r samhli\u00f0a fjallamennskun\u00e1minu.<\/label><\/div><div class=\"vfb-radio\"><label><input id=\"vfb-field-270-1\" class=\"\" placeholder=\"\" required=\"required\" type=\"radio\" name=\"vfb-field-270\" value=\"J&aacute;, &thorn;v&iacute; &eacute;g hef sveigjanlegan vi&eth;verut&iacute;ma &iacute; vinnu og\/e&eth;a &ouml;&eth;ru n&aacute;mi n&aelig;sta sk&oacute;la&aacute;r.\">J\u00e1, \u00fev\u00ed \u00e9g hef sveigjanlegan vi\u00f0verut\u00edma \u00ed vinnu og\/e\u00f0a \u00f6\u00f0ru n\u00e1mi n\u00e6sta sk\u00f3la\u00e1r.<\/label><\/div><div class=\"vfb-radio\"><label><input id=\"vfb-field-270-2\" class=\"\" placeholder=\"\" required=\"required\" type=\"radio\" name=\"vfb-field-270\" value=\"Nei, &eacute;g er ekki viss um &thorn;a&eth;, vinsamlegast taktu fram hvers vegna h&eacute;r a&eth; ne&eth;an.\">Nei, \u00e9g er ekki viss um \u00fea\u00f0, vinsamlegast taktu fram hvers vegna h\u00e9r a\u00f0 ne\u00f0an.<\/label><\/div><\/div><\/div><div class=\"vfb-clearfix\"><\/div><div class=\"vfb-col-12 vfb-fieldType-radio\" id=\"vfbField271\"><label for=\"vfb-field-271\" class=\"vfb-control-label\">Fjallask\u00f3li \u00cdslands b\u00fd\u00f0ur upp \u00e1 framhaldsn\u00e1m \u00ed fjallamennsku. Hefur \u00fe\u00fa hug \u00e1 a\u00f0 taka \u00fea\u00f0 n\u00e1m eftir grunnn\u00e1mi\u00f0?<\/label><div><div class=\"vfb-radio\"><label><input id=\"vfb-field-271-0\" class=\"\" placeholder=\"\" type=\"radio\" name=\"vfb-field-271\" value=\"J&aacute;\">J\u00e1<\/label><\/div><div class=\"vfb-radio\"><label><input id=\"vfb-field-271-1\" class=\"\" placeholder=\"\" type=\"radio\" name=\"vfb-field-271\" value=\"Nei\">Nei<\/label><\/div><\/div><\/div><div class=\"vfb-clearfix\"><\/div><div class=\"vfb-col-10 vfb-fieldType-textarea\" id=\"vfbField272\"><div class=\"vfb-form-group\"><label for=\"vfb-field-272\" class=\"vfb-control-label\">Er eitthva\u00f0 anna\u00f0 sem \u00fe\u00fa vilt taka fram sem \u00fe\u00e9r finnst skipta m\u00e1li?<\/label><div><textarea id=\"vfb-field-272\" class=\"vfb-form-control\" placeholder=\"\" rows=\"10\" name=\"vfb-field-272\" cols=\"50\"><\/textarea><\/div><\/div><\/div><div class=\"vfb-col-12 vfb-fieldType-file-upload\" id=\"vfbField273\"><div class=\"vfb-form-group\"><label for=\"vfb-field-273\" class=\"vfb-control-label\">\u00dea\u00f0 er \u00ed bo\u00f0i a\u00f0 setja stutt kynningarbr\u00e9f um \u00feig og afhverju \u00fe\u00fa vilt fara \u00ed fjallamennskun\u00e1m Fjallask\u00f3la \u00cdslands, mundu a\u00f0 allt hj\u00e1lpar \u00ed st\u00f3rum h\u00f3pi ums\u00e6kjenda.<\/label><div><input id=\"vfb-field-273\" class=\"vfb-form-control vfb-file-input\" placeholder=\"\" type=\"file\" name=\"vfb-field-273\"><\/div><\/div><\/div><div class=\"vfb-clearfix\"><\/div><div class=\"vfb-col-12 vfb-fieldType-captcha\" id=\"vfbField274\"><div class=\"vfb-form-group\"><label for=\"vfb-field-274\" class=\"vfb-control-label\">Captcha <span class=\"vfb-required-asterisk\">*<\/span><\/label><div><div class=\"g-recaptcha\" data-sitekey=\"6LfDMJIsAAAAAJhaZOGm0oaaZzJmLXj8RJOk-fK-\"><\/div><input type=\"hidden\" name=\"_vfb_recaptcha_enabled\" value=\"1\" id=\"\"><div class=\"vfb-has-error\" id=\"vfb-recaptcha-error\"><span class=\"vfb-help-block\">reCAPTCHA is required.<\/span><\/div><\/div><\/div><\/div><div class=\"vfb-clearfix\"><\/div><div class=\"vfb-col-10 vfb-fieldType-submit\" id=\"vfbField275\"><button id=\"vfb-field-275\" class=\" btn btn-primary\" placeholder=\"\" type=\"submit\" name=\"_vfb-submit\">Senda<\/button><\/div><\/form><\/div>\n\t\t\t\t\t\t<\/div>\n\t\t\t\t<\/div>\n\t\t\t\t\t<\/div>\n\t\t<\/div>\n\t\t\t\t<div class=\"elementor-column elementor-col-50 elementor-top-column elementor-element elementor-element-661416e\" data-id=\"661416e\" data-element_type=\"column\">\n\t\t\t<div class=\"elementor-widget-wrap elementor-element-populated\">\n\t\t\t\t\t\t<div class=\"elementor-element elementor-element-a1ab5d3 elementor-widget elementor-widget-text-editor\" data-id=\"a1ab5d3\" data-element_type=\"widget\" data-widget_type=\"text-editor.default\">\n\t\t\t\t<div class=\"elementor-widget-container\">\n\t\t\t\t\t\t\t\t\t<p>Nau\u00f0synlegt er a\u00f0 fylla \u00fat \u00feennan spurningalista til a\u00f0 ums\u00f3kn \u00fe\u00edn s\u00e9 tekin gild.<\/p><p>Grunnn\u00e1m er b\u00e6\u00f0i h\u00e6gt a\u00f0 taka \u00e1 tveimur \u00f6nnum (eitt \u00e1r) e\u00f0a \u00e1 fj\u00f3rum \u00f6nnum (tv\u00f6 \u00e1r). Uppl\u00fdsingar um tilh\u00f6gun n\u00e1ms og skipulag m\u00e1 sj\u00e1 h\u00e9r undir\u00a0skipulag grunnn\u00e1ms<u>.<\/u><\/p><p>Mikilv\u00e6gt er a\u00f0 kynna s\u00e9r n\u00e1mi\u00f0 og skipulag \u00feess \u00e1\u00f0ur en s\u00f3tt er um.<\/p><p>Kostna\u00f0ur vi\u00f0 n\u00e1mi\u00f0 er 400.000kr \u00e1 \u00f6nn e\u00f0a 800.000kr \u00e1ri\u00f0, ef s\u00f3tt er um h\u00e1lft n\u00e1m grei\u00f0ast 240.000kr \u00e1 \u00f6nn.<\/p><p>Athugi\u00f0 a\u00f0 takmarka\u00f0 pl\u00e1ss ver\u00f0ur \u00ed grunnn\u00e1m, vali\u00f0 ver\u00f0ur inn \u00ed n\u00e1mi\u00f0 me\u00f0 \u00feessa \u00fe\u00e6tti til hli\u00f0sj\u00f3nar:<\/p><ul><li>N\u00e1msframvinda \u00ed \u00f6\u00f0ru n\u00e1mi<\/li><li>Reynsla og bakgrunnur \u00ed fjallamennsku<\/li><li>Hvort nemandi hyggist gera fjallamennsku a\u00f0 atvinnu<\/li><li>Skuldbindingu og sveigjanleika nemenda til a\u00f0 stunda n\u00e1mi\u00f0<\/li><li>A\u00f0rir \u00fe\u00e6ttir sem eru metnir mikilv\u00e6gir<\/li><\/ul><p>Vandi\u00f0 ykkur vi\u00f0 a\u00f0 svara spurningum h\u00e9r a\u00f0 ne\u00f0an og setji\u00f0 inn endilega meira en minna.<\/p>\t\t\t\t\t\t\t\t<\/div>\n\t\t\t\t<\/div>\n\t\t\t\t\t<\/div>\n\t\t<\/div>\n\t\t\t\t\t<\/div>\n\t\t<\/section>\n\t\t\t\t<\/div>\n\t\t","protected":false},"excerpt":{"rendered":"<p>Ums\u00f3kn um grunnn\u00e1m \u00ed j\u00f6kla- og \u00e6vint\u00fdralei\u00f0s\u00f6gn vi\u00f0 Fjallask\u00f3la \u00cdslands Ums\u00f3knarfrestur \u00fat 30. apr\u00edl Nau\u00f0synlegt er a\u00f0 fylla \u00fat \u00feennan spurningalista til a\u00f0 ums\u00f3kn \u00fe\u00edn s\u00e9 tekin gild. Grunnn\u00e1m er [&hellip;]<\/p>\n","protected":false},"author":2,"featured_media":0,"parent":0,"menu_order":0,"comment_status":"closed","ping_status":"closed","template":"","meta":{"footnotes":""},"class_list":["post-283","page","type-page","status-publish","hentry","entry"],"_links":{"self":[{"href":"https:\/\/fjallanam.is\/index.php?rest_route=\/wp\/v2\/pages\/283","targetHints":{"allow":["GET"]}}],"collection":[{"href":"https:\/\/fjallanam.is\/index.php?rest_route=\/wp\/v2\/pages"}],"about":[{"href":"https:\/\/fjallanam.is\/index.php?rest_route=\/wp\/v2\/types\/page"}],"author":[{"embeddable":true,"href":"https:\/\/fjallanam.is\/index.php?rest_route=\/wp\/v2\/users\/2"}],"replies":[{"embeddable":true,"href":"https:\/\/fjallanam.is\/index.php?rest_route=%2Fwp%2Fv2%2Fcomments&post=283"}],"version-history":[{"count":57,"href":"https:\/\/fjallanam.is\/index.php?rest_route=\/wp\/v2\/pages\/283\/revisions"}],"predecessor-version":[{"id":3033,"href":"https:\/\/fjallanam.is\/index.php?rest_route=\/wp\/v2\/pages\/283\/revisions\/3033"}],"wp:attachment":[{"href":"https:\/\/fjallanam.is\/index.php?rest_route=%2Fwp%2Fv2%2Fmedia&parent=283"}],"curies":[{"name":"wp","href":"https:\/\/api.w.org\/{rel}","templated":true}]}}