{"id":3125,"date":"2026-04-10T13:14:54","date_gmt":"2026-04-10T13:14:54","guid":{"rendered":"https:\/\/fjallanam.is\/?page_id=3125"},"modified":"2026-04-10T13:32:29","modified_gmt":"2026-04-10T13:32:29","slug":"hard-ice-courses","status":"publish","type":"page","link":"https:\/\/fjallanam.is\/?page_id=3125&lang=en","title":{"rendered":"Hard ice courses"},"content":{"rendered":"\t\t<div data-elementor-type=\"wp-page\" data-elementor-id=\"3125\" class=\"elementor elementor-3125\" data-elementor-post-type=\"page\">\n\t\t\t\t\t\t<section class=\"elementor-section elementor-top-section elementor-element elementor-element-5373c5b elementor-section-height-min-height elementor-section-items-top elementor-section-stretched elementor-section-boxed elementor-section-height-default\" data-id=\"5373c5b\" data-element_type=\"section\" data-settings=\"{&quot;stretch_section&quot;:&quot;section-stretched&quot;,&quot;background_background&quot;:&quot;classic&quot;}\">\n\t\t\t\t\t\t<div class=\"elementor-container elementor-column-gap-default\">\n\t\t\t\t\t<div class=\"elementor-column elementor-col-100 elementor-top-column elementor-element elementor-element-7145ed1\" data-id=\"7145ed1\" data-element_type=\"column\">\n\t\t\t<div class=\"elementor-widget-wrap elementor-element-populated\">\n\t\t\t\t\t\t<div class=\"elementor-element elementor-element-9d6b950 elementor-widget elementor-widget-spacer\" data-id=\"9d6b950\" data-element_type=\"widget\" data-widget_type=\"spacer.default\">\n\t\t\t\t<div class=\"elementor-widget-container\">\n\t\t\t\t\t\t\t<div class=\"elementor-spacer\">\n\t\t\t<div class=\"elementor-spacer-inner\"><\/div>\n\t\t<\/div>\n\t\t\t\t\t\t<\/div>\n\t\t\t\t<\/div>\n\t\t\t\t<div class=\"elementor-element elementor-element-ed3fcc7 elementor-widget elementor-widget-heading\" data-id=\"ed3fcc7\" data-element_type=\"widget\" data-widget_type=\"heading.default\">\n\t\t\t\t<div class=\"elementor-widget-container\">\n\t\t\t\t\t<h2 class=\"elementor-heading-title elementor-size-default\">Hard ice glacier courses<\/h2>\t\t\t\t<\/div>\n\t\t\t\t<\/div>\n\t\t\t\t<div class=\"elementor-element elementor-element-048ee19 elementor-widget elementor-widget-spacer\" data-id=\"048ee19\" data-element_type=\"widget\" data-widget_type=\"spacer.default\">\n\t\t\t\t<div class=\"elementor-widget-container\">\n\t\t\t\t\t\t\t<div class=\"elementor-spacer\">\n\t\t\t<div class=\"elementor-spacer-inner\"><\/div>\n\t\t<\/div>\n\t\t\t\t\t\t<\/div>\n\t\t\t\t<\/div>\n\t\t\t\t<div class=\"elementor-element elementor-element-85c93f5 elementor-widget elementor-widget-heading\" data-id=\"85c93f5\" data-element_type=\"widget\" data-widget_type=\"heading.default\">\n\t\t\t\t<div class=\"elementor-widget-container\">\n\t\t\t\t\t<h2 class=\"elementor-heading-title elementor-size-default\"><div style=\"text-align: right\"><span style=\"font-size: 36px;font-style: normal;font-weight: 600;text-align: start\">Dates to be announced<\/span><br><span style=\"font-family: Numans, sans-serif;font-size: 36px;font-style: normal;font-weight: 600\">75.000 kr.<\/span><\/div><\/h2>\t\t\t\t<\/div>\n\t\t\t\t<\/div>\n\t\t\t\t\t<\/div>\n\t\t<\/div>\n\t\t\t\t\t<\/div>\n\t\t<\/section>\n\t\t\t\t<section class=\"elementor-section elementor-top-section elementor-element elementor-element-c014c79 elementor-section-boxed elementor-section-height-default elementor-section-height-default\" data-id=\"c014c79\" data-element_type=\"section\">\n\t\t\t\t\t\t<div class=\"elementor-container elementor-column-gap-default\">\n\t\t\t\t\t<div class=\"elementor-column elementor-col-100 elementor-top-column elementor-element elementor-element-2755c45\" data-id=\"2755c45\" data-element_type=\"column\">\n\t\t\t<div class=\"elementor-widget-wrap elementor-element-populated\">\n\t\t\t\t\t\t<div class=\"elementor-element elementor-element-b06e529 elementor-widget elementor-widget-text-editor\" data-id=\"b06e529\" data-element_type=\"widget\" data-widget_type=\"text-editor.default\">\n\t\t\t\t<div class=\"elementor-widget-container\">\n\t\t\t\t\t\t\t\t\t<p data-start=\"60\" data-end=\"389\"><strong data-start=\"60\" data-end=\"87\">Intro to Glacier Travel<\/strong> is an excellent way to begin your journey into glacier travel and mountaineering. Join us for <strong data-start=\"182\" data-end=\"196\">three days<\/strong> as we explore a variety of outlet glaciers in \u00d6r\u00e6fi and learn the foundations of safe glacier travel. This is a comprehensive course designed for beginners and requires no previous experience.<\/p><p data-start=\"391\" data-end=\"926\">In Iceland, we are fortunate to have exceptional access to outlet glaciers. These glaciers reach down into the lowlands and offer a remarkable environment that more people should have the chance to experience. Through this course, participants gain a solid introduction to safe travel on outlet glaciers, the hazards associated with glacier environments, and the key safety considerations involved. Participants will also develop a deeper understanding of glaciers, climate change, and the challenges connected to a changing landscape.<\/p><p data-start=\"928\" data-end=\"1068\">The course is designed to train participants to move safely through varied glacier terrain and to perform simple crevasse rescue techniques.<\/p><h5><span data-start=\"1070\" data-end=\"1097\"><b>Topics covered include:<\/b><\/span><\/h5><ul data-start=\"1099\" data-end=\"1344\"><li data-section-id=\"1n18wrh\" data-start=\"1099\" data-end=\"1144\">Use of essential glacier safety equipment<\/li><li data-section-id=\"uky7ic\" data-start=\"1145\" data-end=\"1183\">Ropework, ascending, and abseiling<\/li><li data-section-id=\"1g567w9\" data-start=\"1184\" data-end=\"1203\">Crevasse rescue<\/li><li data-section-id=\"1o205fr\" data-start=\"1204\" data-end=\"1242\">Route selection on outlet glaciers<\/li><li data-section-id=\"kksgj1\" data-start=\"1243\" data-end=\"1272\">Glacier hazard assessment<\/li><li data-section-id=\"1cwrd27\" data-start=\"1273\" data-end=\"1314\">Crampon techniques for glacier travel<\/li><li data-section-id=\"m08qki\" data-start=\"1315\" data-end=\"1344\">Introductory ice climbing<\/li><\/ul><h5><strong data-start=\"1346\" data-end=\"1373\">Who is this course for?<\/strong><\/h5><p data-start=\"1375\" data-end=\"1695\">This course is ideal for anyone who loves the outdoors and wants to expand their skills and opportunities in mountain environments. It is also excellent preparation for those who are interested in glacier guiding and plan to continue on to <strong data-start=\"1615\" data-end=\"1641\">AIMG Glacier Guiding 1<\/strong> through the Association of Icelandic Mountain Guides.<\/p><p data-start=\"1697\" data-end=\"1848\">The course is taught by experienced instructors and glacier guides from Fjallask\u00f3li \u00cdslands. All instructors also teach on AIMG outlet glacier courses.<\/p>\t\t\t\t\t\t\t\t<\/div>\n\t\t\t\t<\/div>\n\t\t\t\t\t<\/div>\n\t\t<\/div>\n\t\t\t\t\t<\/div>\n\t\t<\/section>\n\t\t\t\t<section class=\"elementor-section elementor-top-section elementor-element elementor-element-15416e4 elementor-section-boxed elementor-section-height-default elementor-section-height-default\" data-id=\"15416e4\" data-element_type=\"section\">\n\t\t\t\t\t\t<div class=\"elementor-container elementor-column-gap-default\">\n\t\t\t\t\t<div class=\"elementor-column elementor-col-100 elementor-top-column elementor-element elementor-element-d347573\" data-id=\"d347573\" data-element_type=\"column\">\n\t\t\t<div class=\"elementor-widget-wrap elementor-element-populated\">\n\t\t\t\t\t\t<div class=\"elementor-element elementor-element-90bc159 elementor-widget elementor-widget-toggle\" data-id=\"90bc159\" data-element_type=\"widget\" data-widget_type=\"toggle.default\">\n\t\t\t\t<div class=\"elementor-widget-container\">\n\t\t\t\t\t\t\t<div class=\"elementor-toggle\">\n\t\t\t\t\t\t\t<div class=\"elementor-toggle-item\">\n\t\t\t\t\t<div id=\"elementor-tab-title-1511\" class=\"elementor-tab-title\" data-tab=\"1\" role=\"button\" aria-controls=\"elementor-tab-content-1511\" aria-expanded=\"false\">\n\t\t\t\t\t\t\t\t\t\t\t\t<span class=\"elementor-toggle-icon elementor-toggle-icon-left\" aria-hidden=\"true\">\n\t\t\t\t\t\t\t\t\t\t\t\t\t\t\t<span class=\"elementor-toggle-icon-closed\"><i class=\"fas fa-caret-right\"><\/i><\/span>\n\t\t\t\t\t\t\t\t<span class=\"elementor-toggle-icon-opened\"><i class=\"elementor-toggle-icon-opened fas fa-caret-up\"><\/i><\/span>\n\t\t\t\t\t\t\t\t\t\t\t\t\t<\/span>\n\t\t\t\t\t\t\t\t\t\t\t\t<a class=\"elementor-toggle-title\" tabindex=\"0\">Course agenda<\/a>\n\t\t\t\t\t<\/div>\n\n\t\t\t\t\t<div id=\"elementor-tab-content-1511\" class=\"elementor-tab-content elementor-clearfix\" data-tab=\"1\" role=\"region\" aria-labelledby=\"elementor-tab-title-1511\"><p data-start=\"43\" data-end=\"356\"><span data-start=\"43\" data-end=\"56\"><b>Location<\/b><\/span><strong data-start=\"43\" data-end=\"56\">:<\/strong> \u00d6r\u00e6fi <em data-start=\"63\" data-end=\"107\">(exact locations will be announced later).<\/em><br data-start=\"107\" data-end=\"110\" \/>The specific glacier locations will be chosen based on weather and the terrain best suited to the group and course objectives at the time. Likely glacier destinations include <strong data-start=\"285\" data-end=\"332\">Sv\u00ednafellsj\u00f6kull, Fallj\u00f6kull, Virkisj\u00f6kull,<\/strong> and\/or <strong data-start=\"340\" data-end=\"355\">Kv\u00ed\u00e1rj\u00f6kull<\/strong>.<\/p><p data-start=\"358\" data-end=\"531\"><strong data-start=\"358\" data-end=\"368\">Day 1:<\/strong> The course begins at <strong data-start=\"390\" data-end=\"412\">09:00 at Hofgar\u00f0ur<\/strong>. We start indoors with a short lecture and introduction to glacier travel before heading onto the glacier after lunch.<\/p><p data-start=\"533\" data-end=\"644\"><strong data-start=\"533\" data-end=\"543\">Day 2:<\/strong> A longer glacier day focused on terrain reading, route selection, crevasse rescue, and ice climbing.<\/p><p data-start=\"646\" data-end=\"765\"><strong data-start=\"646\" data-end=\"656\">Day 3:<\/strong> A longer glacier day continuing work on terrain reading, route selection, crevasse rescue, and ice climbing.<\/p><\/div>\n\t\t\t\t<\/div>\n\t\t\t\t\t\t\t<div class=\"elementor-toggle-item\">\n\t\t\t\t\t<div id=\"elementor-tab-title-1512\" class=\"elementor-tab-title\" data-tab=\"2\" role=\"button\" aria-controls=\"elementor-tab-content-1512\" aria-expanded=\"false\">\n\t\t\t\t\t\t\t\t\t\t\t\t<span class=\"elementor-toggle-icon elementor-toggle-icon-left\" aria-hidden=\"true\">\n\t\t\t\t\t\t\t\t\t\t\t\t\t\t\t<span class=\"elementor-toggle-icon-closed\"><i class=\"fas fa-caret-right\"><\/i><\/span>\n\t\t\t\t\t\t\t\t<span class=\"elementor-toggle-icon-opened\"><i class=\"elementor-toggle-icon-opened fas fa-caret-up\"><\/i><\/span>\n\t\t\t\t\t\t\t\t\t\t\t\t\t<\/span>\n\t\t\t\t\t\t\t\t\t\t\t\t<a class=\"elementor-toggle-title\" tabindex=\"0\">Conditions<\/a>\n\t\t\t\t\t<\/div>\n\n\t\t\t\t\t<div id=\"elementor-tab-content-1512\" class=\"elementor-tab-content elementor-clearfix\" data-tab=\"2\" role=\"region\" aria-labelledby=\"elementor-tab-title-1512\"><p data-start=\"0\" data-end=\"94\"><strong data-start=\"0\" data-end=\"21\">Physical fitness:<\/strong> Participants should be in reasonably good condition for mountain hiking.<\/p><p data-start=\"96\" data-end=\"145\">\u00a0<\/p><\/div>\n\t\t\t\t<\/div>\n\t\t\t\t\t\t\t<div class=\"elementor-toggle-item\">\n\t\t\t\t\t<div id=\"elementor-tab-title-1513\" class=\"elementor-tab-title\" data-tab=\"3\" role=\"button\" aria-controls=\"elementor-tab-content-1513\" aria-expanded=\"false\">\n\t\t\t\t\t\t\t\t\t\t\t\t<span class=\"elementor-toggle-icon elementor-toggle-icon-left\" aria-hidden=\"true\">\n\t\t\t\t\t\t\t\t\t\t\t\t\t\t\t<span class=\"elementor-toggle-icon-closed\"><i class=\"fas fa-caret-right\"><\/i><\/span>\n\t\t\t\t\t\t\t\t<span class=\"elementor-toggle-icon-opened\"><i class=\"elementor-toggle-icon-opened fas fa-caret-up\"><\/i><\/span>\n\t\t\t\t\t\t\t\t\t\t\t\t\t<\/span>\n\t\t\t\t\t\t\t\t\t\t\t\t<a class=\"elementor-toggle-title\" tabindex=\"0\">B\u00fana\u00f0ur<\/a>\n\t\t\t\t\t<\/div>\n\n\t\t\t\t\t<div id=\"elementor-tab-content-1513\" class=\"elementor-tab-content elementor-clearfix\" data-tab=\"3\" role=\"region\" aria-labelledby=\"elementor-tab-title-1513\"><h5><strong data-start=\"37\" data-end=\"60\">Technical Equipment<\/strong><\/h5><ul data-start=\"62\" data-end=\"511\"><li data-section-id=\"zl7kgs\" data-start=\"62\" data-end=\"106\">Crampons (<strong data-start=\"74\" data-end=\"103\">12-point glacier crampons<\/strong>)<\/li><li data-section-id=\"1fgpoq\" data-start=\"107\" data-end=\"126\">Walking ice axe<\/li><li data-section-id=\"1u88uoh\" data-start=\"127\" data-end=\"147\">Climbing harness<\/li><li data-section-id=\"1insm5c\" data-start=\"148\" data-end=\"180\">Helmet (<strong data-start=\"158\" data-end=\"177\">climbing helmet<\/strong>)<\/li><li data-section-id=\"oqi3kf\" data-start=\"181\" data-end=\"216\">40 m rope, for example <strong data-start=\"206\" data-end=\"214\">9 mm<\/strong><\/li><li data-section-id=\"1kfyaka\" data-start=\"217\" data-end=\"261\"><strong data-start=\"219\" data-end=\"243\">2 x 5 m prusik cords<\/strong> \u2013 <strong data-start=\"246\" data-end=\"259\">6 or 7 mm<\/strong><\/li><li data-section-id=\"87zkyo\" data-start=\"262\" data-end=\"292\"><strong data-start=\"264\" data-end=\"290\">120 cm or 180 cm sling<\/strong><\/li><li data-section-id=\"1np79pn\" data-start=\"293\" data-end=\"321\"><strong data-start=\"295\" data-end=\"319\">8 locking carabiners<\/strong><\/li><li data-section-id=\"1ekxtx5\" data-start=\"322\" data-end=\"412\">Belay\/rappel device with the option of assisted braking or a progress-capture function<\/li><li data-section-id=\"19q48a0\" data-start=\"413\" data-end=\"455\"><strong data-start=\"415\" data-end=\"431\">2 ice screws<\/strong>, <strong data-start=\"433\" data-end=\"448\">19 or 21 cm<\/strong> long<\/li><li data-section-id=\"5c2pkl\" data-start=\"456\" data-end=\"511\"><strong data-start=\"458\" data-end=\"478\">30\u201340 L backpack<\/strong> with ice axe attachment points<\/li><\/ul><h5><strong data-start=\"513\" data-end=\"535\">Personal Equipment<\/strong><\/h5><ul data-start=\"537\" data-end=\"1057\"><li data-section-id=\"1x8oelm\" data-start=\"537\" data-end=\"562\">Warm insulated jacket<\/li><li data-section-id=\"m4pimo\" data-start=\"563\" data-end=\"636\">Waterproof clothing (<strong data-start=\"586\" data-end=\"612\">Gore-Tex or equivalent<\/strong>, jacket and trousers)<\/li><li data-section-id=\"1jmbwa8\" data-start=\"637\" data-end=\"725\">Softshell jacket and trousers <em data-start=\"669\" data-end=\"723\">(or other suitable outdoor clothing, but not cotton)<\/em><\/li><li data-section-id=\"3g0hrq\" data-start=\"726\" data-end=\"746\">Wool base layers<\/li><li data-section-id=\"c5qjfd\" data-start=\"747\" data-end=\"804\">Semi-rigid or fully rigid hiking\/mountaineering boots<\/li><li data-section-id=\"rjvi5i\" data-start=\"805\" data-end=\"876\">Gloves, for example light work gloves, plus a warmer pair of gloves<\/li><li data-section-id=\"ojwohm\" data-start=\"877\" data-end=\"953\">Hat that fits under a helmet <em data-start=\"908\" data-end=\"951\">(not with a pom-pom or excessively bulky)<\/em><\/li><li data-section-id=\"1uqnbwc\" data-start=\"954\" data-end=\"968\">Sunglasses<\/li><li data-section-id=\"1mraq30\" data-start=\"969\" data-end=\"982\">Sunscreen<\/li><li data-section-id=\"ghw5xb\" data-start=\"983\" data-end=\"1005\">Buff \/ neck gaiter<\/li><li data-section-id=\"3s28v9\" data-start=\"1006\" data-end=\"1032\">Water bottle (<strong data-start=\"1022\" data-end=\"1029\">1 L<\/strong>)<\/li><li data-section-id=\"6dl1ug\" data-start=\"1033\" data-end=\"1057\">Personal medications<\/li><\/ul><p data-start=\"1059\" data-end=\"1113\">\u00a0<\/p><\/div>\n\t\t\t\t<\/div>\n\t\t\t\t\t\t\t\t<\/div>\n\t\t\t\t\t\t<\/div>\n\t\t\t\t<\/div>\n\t\t\t\t\t<\/div>\n\t\t<\/div>\n\t\t\t\t\t<\/div>\n\t\t<\/section>\n\t\t\t\t<section class=\"elementor-section elementor-top-section elementor-element elementor-element-403557d elementor-section-boxed elementor-section-height-default elementor-section-height-default\" data-id=\"403557d\" data-element_type=\"section\">\n\t\t\t\t\t\t<div class=\"elementor-container elementor-column-gap-default\">\n\t\t\t\t\t<div class=\"elementor-column elementor-col-100 elementor-top-column elementor-element elementor-element-135e2d0\" data-id=\"135e2d0\" data-element_type=\"column\">\n\t\t\t<div class=\"elementor-widget-wrap elementor-element-populated\">\n\t\t\t\t\t\t<div class=\"elementor-element elementor-element-20c4a51 elementor-widget elementor-widget-spacer\" data-id=\"20c4a51\" data-element_type=\"widget\" data-widget_type=\"spacer.default\">\n\t\t\t\t<div class=\"elementor-widget-container\">\n\t\t\t\t\t\t\t<div class=\"elementor-spacer\">\n\t\t\t<div class=\"elementor-spacer-inner\"><\/div>\n\t\t<\/div>\n\t\t\t\t\t\t<\/div>\n\t\t\t\t<\/div>\n\t\t\t\t<div class=\"elementor-element elementor-element-0c3c87c elementor-widget elementor-widget-heading\" data-id=\"0c3c87c\" data-element_type=\"widget\" data-widget_type=\"heading.default\">\n\t\t\t\t<div class=\"elementor-widget-container\">\n\t\t\t\t\t<h2 class=\"elementor-heading-title elementor-size-default\">Registration<\/h2>\t\t\t\t<\/div>\n\t\t\t\t<\/div>\n\t\t\t\t<div class=\"elementor-element elementor-element-ed0ae7f elementor-widget elementor-widget-text-editor\" data-id=\"ed0ae7f\" data-element_type=\"widget\" data-widget_type=\"text-editor.default\">\n\t\t\t\t<div class=\"elementor-widget-container\">\n\t\t\t\t\t\t\t\t\t<p data-start=\"0\" data-end=\"173\">Please fill in all fields for your registration to be considered valid. Please note that further information about the course will be sent by email closer to the start date.<\/p>\t\t\t\t\t\t\t\t<\/div>\n\t\t\t\t<\/div>\n\t\t\t\t<div class=\"elementor-element elementor-element-cfac15d elementor-widget elementor-widget-shortcode\" data-id=\"cfac15d\" data-element_type=\"widget\" data-widget_type=\"shortcode.default\">\n\t\t\t\t<div class=\"elementor-widget-container\">\n\t\t\t\t\t\t\t<div class=\"elementor-shortcode\"><form method=\"post\" enctype=\"multipart\/form-data\" id=\"vfbp-form-23\" class=\"vfbp-form\"><div style=\"display:none;\"><label for=\"vfbp-EMAIL-AN8fuQyoDLXem\">If you are human, leave this field blank.<\/label><input size=\"25\" autocomplete=\"off\" type=\"text\" name=\"vfbp-EMAIL-AN8fuQyoDLXem\" value=\"\" id=\"\"><\/div><input type=\"hidden\" name=\"_vfb-timestamp-23\" value=\"1776421733\" id=\"\"><input type=\"hidden\" name=\"_vfb-form-id\" value=\"23\" id=\"\"><input type=\"hidden\" name=\"_vfb-token-23\" value=\"MTc3NjQyMTczM0ZFOWluZzR6T0w4dUJhRHFxcDBCZzlwUlhTeVhxRkJI\" id=\"\"><div class=\"vfb-col-12 vfb-fieldType-text\" id=\"vfbField326\"><div class=\"vfb-form-group\"><label for=\"vfb-field-326\" class=\"vfb-control-label\">Fullt nafn \/ Full name <span class=\"vfb-required-asterisk\">*<\/span><\/label><div><input id=\"vfb-field-326\" class=\"vfb-form-control\" placeholder=\"\" required=\"required\" type=\"text\" name=\"vfb-field-326\" value=\"\"><\/div><\/div><\/div><div class=\"vfb-clearfix\"><\/div><div class=\"vfb-col-12 vfb-fieldType-email\" id=\"vfbField327\"><div class=\"vfb-form-group\"><label for=\"vfb-field-327\" class=\"vfb-control-label\">T\u00f6lvup\u00f3stfang \/ Email address <span class=\"vfb-required-asterisk\">*<\/span><\/label><div><input id=\"vfb-field-327\" class=\"vfb-form-control\" placeholder=\"\" required=\"required\" type=\"email\" name=\"vfb-field-327\" value=\"\"><\/div><\/div><\/div><div class=\"vfb-clearfix\"><\/div><div class=\"vfb-col-12 vfb-fieldType-text\" id=\"vfbField328\"><div class=\"vfb-form-group\"><label for=\"vfb-field-328\" class=\"vfb-control-label\">Kennitala <span class=\"vfb-required-asterisk\">*<\/span><\/label><div><input id=\"vfb-field-328\" class=\"vfb-form-control\" placeholder=\"\" required=\"required\" type=\"text\" name=\"vfb-field-328\" value=\"\"><span class=\"vfb-help-block\">Til \u00feess a\u00f0 senda kr\u00f6fu \u00e1 heimabanka.<\/span><\/div><\/div><\/div><div class=\"vfb-clearfix\"><\/div><div class=\"vfb-col-12 vfb-fieldType-phone\" id=\"vfbField329\"><div class=\"vfb-form-group\"><label for=\"vfb-field-329\" class=\"vfb-control-label\">S\u00edman\u00famer \/ Phone nr. <span class=\"vfb-required-asterisk\">*<\/span><\/label><div><input id=\"vfb-field-329\" class=\"vfb-form-control vfb-intl-phone\" placeholder=\"\" required=\"required\" data-default-country=\"is\" type=\"tel\" name=\"vfb-field-329\" value=\"\"><\/div><\/div><\/div><div class=\"vfb-clearfix\"><\/div><div class=\"vfb-col-12 vfb-fieldType-text\" id=\"vfbField330\"><div class=\"vfb-form-group\"><label for=\"vfb-field-330\" class=\"vfb-control-label\">Reynsla \/ Experience<\/label><div><input id=\"vfb-field-330\" class=\"vfb-form-control\" placeholder=\"\" type=\"text\" name=\"vfb-field-330\" value=\"\"><span class=\"vfb-help-block\">Hefur\u00f0u reynslu \u00e1 klifri? ef svo er, hva\u00f0a? (ath. reynsla er ekki nau\u00f0synleg) \/ Do you have climbing experience? if so, what? it is not essential to have experience.<\/span><\/div><\/div><\/div><div class=\"vfb-clearfix\"><\/div><div class=\"vfb-col-12 vfb-fieldType-submit\" id=\"vfbField331\"><button id=\"vfb-field-331\" class=\" btn btn-primary\" placeholder=\"\" type=\"submit\" name=\"_vfb-submit\">Senda \/ Submit<\/button><\/div><div class=\"vfb-clearfix\"><\/div><div class=\"vfb-col-12 vfb-fieldType-captcha\" id=\"vfbField332\"><div class=\"vfb-form-group\"><label for=\"vfb-field-332\" class=\"vfb-control-label\">Captcha <span class=\"vfb-required-asterisk\">*<\/span><\/label><div><div class=\"g-recaptcha\" data-sitekey=\"6LfDMJIsAAAAAJhaZOGm0oaaZzJmLXj8RJOk-fK-\"><\/div><input type=\"hidden\" name=\"_vfb_recaptcha_enabled\" value=\"1\" id=\"\"><div class=\"vfb-has-error\" id=\"vfb-recaptcha-error\"><span class=\"vfb-help-block\">reCAPTCHA is required.<\/span><\/div><\/div><\/div><\/div><div class=\"vfb-clearfix\"><\/div><\/form><\/div>\n\t\t\t\t\t\t<\/div>\n\t\t\t\t<\/div>\n\t\t\t\t\t<\/div>\n\t\t<\/div>\n\t\t\t\t\t<\/div>\n\t\t<\/section>\n\t\t\t\t<\/div>\n\t\t","protected":false},"excerpt":{"rendered":"<p>Hard ice glacier courses Dates to be announced75.000 kr. Intro to Glacier Travel is an excellent way to begin your journey into glacier travel and mountaineering. Join us for three [&hellip;]<\/p>\n","protected":false},"author":3,"featured_media":0,"parent":0,"menu_order":0,"comment_status":"closed","ping_status":"closed","template":"","meta":{"footnotes":""},"class_list":["post-3125","page","type-page","status-publish","hentry","entry"],"_links":{"self":[{"href":"https:\/\/fjallanam.is\/index.php?rest_route=\/wp\/v2\/pages\/3125","targetHints":{"allow":["GET"]}}],"collection":[{"href":"https:\/\/fjallanam.is\/index.php?rest_route=\/wp\/v2\/pages"}],"about":[{"href":"https:\/\/fjallanam.is\/index.php?rest_route=\/wp\/v2\/types\/page"}],"author":[{"embeddable":true,"href":"https:\/\/fjallanam.is\/index.php?rest_route=\/wp\/v2\/users\/3"}],"replies":[{"embeddable":true,"href":"https:\/\/fjallanam.is\/index.php?rest_route=%2Fwp%2Fv2%2Fcomments&post=3125"}],"version-history":[{"count":13,"href":"https:\/\/fjallanam.is\/index.php?rest_route=\/wp\/v2\/pages\/3125\/revisions"}],"predecessor-version":[{"id":3148,"href":"https:\/\/fjallanam.is\/index.php?rest_route=\/wp\/v2\/pages\/3125\/revisions\/3148"}],"wp:attachment":[{"href":"https:\/\/fjallanam.is\/index.php?rest_route=%2Fwp%2Fv2%2Fmedia&parent=3125"}],"curies":[{"name":"wp","href":"https:\/\/api.w.org\/{rel}","templated":true}]}}